{"id":883,"date":"2023-01-01T10:19:07","date_gmt":"2023-01-01T09:19:07","guid":{"rendered":"http:\/\/serwer177530.lh.pl\/autoinstalator\/serwer177530.lh.pl\/wordpress10353\/?page_id=883"},"modified":"2023-02-26T06:52:23","modified_gmt":"2023-02-26T05:52:23","slug":"kola-rozancowe","status":"publish","type":"page","link":"https:\/\/parafiacharsznica.pl\/index.php\/kola-rozancowe\/","title":{"rendered":"Ko\u0142a r\u00f3\u017ca\u0144cowe"},"content":{"rendered":"\n<p>W naszej parafii dzia\u0142a 5 k\u00f3\u0142 r\u00f3\u017ca\u0144cowych.<\/p>\n\n\n\n<p><\/p>\n\n\n\n<ul class=\"wp-block-list\">\n<li>Ko\u0142o R\u00f3\u017ca\u0144cowe Charsznica Wie\u015b<\/li>\n\n\n\n<li>Ko\u0142o R\u00f3\u017ca\u0144cowe Charsznica<\/li>\n\n\n\n<li>Ko\u0142o R\u00f3\u017ca\u0144cowe Pani Nosal<\/li>\n\n\n\n<li>Ko\u0142o R\u00f3\u017ca\u0144cowe Szark\u00f3wka &#8211; m\u0119skie<\/li>\n\n\n\n<li>Ko\u0142o R\u00f3\u017ca\u0144cowe Szark\u00f3wka &#8211; \u017ce\u0144skie<\/li>\n<\/ul>\n","protected":false},"excerpt":{"rendered":"<p>W naszej parafii dzia\u0142a 5 k\u00f3\u0142 r\u00f3\u017ca\u0144cowych.<\/p>\n","protected":false},"author":1,"featured_media":0,"parent":0,"menu_order":0,"comment_status":"closed","ping_status":"closed","template":"","meta":{"footnotes":""},"class_list":["post-883","page","type-page","status-publish","hentry","entry"],"_links":{"self":[{"href":"https:\/\/parafiacharsznica.pl\/index.php\/wp-json\/wp\/v2\/pages\/883","targetHints":{"allow":["GET"]}}],"collection":[{"href":"https:\/\/parafiacharsznica.pl\/index.php\/wp-json\/wp\/v2\/pages"}],"about":[{"href":"https:\/\/parafiacharsznica.pl\/index.php\/wp-json\/wp\/v2\/types\/page"}],"author":[{"embeddable":true,"href":"https:\/\/parafiacharsznica.pl\/index.php\/wp-json\/wp\/v2\/users\/1"}],"replies":[{"embeddable":true,"href":"https:\/\/parafiacharsznica.pl\/index.php\/wp-json\/wp\/v2\/comments?post=883"}],"version-history":[{"count":2,"href":"https:\/\/parafiacharsznica.pl\/index.php\/wp-json\/wp\/v2\/pages\/883\/revisions"}],"predecessor-version":[{"id":1358,"href":"https:\/\/parafiacharsznica.pl\/index.php\/wp-json\/wp\/v2\/pages\/883\/revisions\/1358"}],"wp:attachment":[{"href":"https:\/\/parafiacharsznica.pl\/index.php\/wp-json\/wp\/v2\/media?parent=883"}],"curies":[{"name":"wp","href":"https:\/\/api.w.org\/{rel}","templated":true}]}}