{"id":812,"date":"2023-02-06T23:21:53","date_gmt":"2023-02-06T22:21:53","guid":{"rendered":"http:\/\/serwer177530.lh.pl\/autoinstalator\/serwer177530.lh.pl\/wordpress10353\/?page_id=812"},"modified":"2023-02-26T07:21:17","modified_gmt":"2023-02-26T06:21:17","slug":"kosciol","status":"publish","type":"page","link":"https:\/\/parafiacharsznica.pl\/index.php\/kosciol\/","title":{"rendered":"Ko\u015bci\u00f3\u0142"},"content":{"rendered":"\n<p>Strona w przygotowaniu.<\/p>\n","protected":false},"excerpt":{"rendered":"<p>Strona w przygotowaniu.<\/p>\n","protected":false},"author":1,"featured_media":0,"parent":0,"menu_order":0,"comment_status":"closed","ping_status":"closed","template":"","meta":{"footnotes":""},"class_list":["post-812","page","type-page","status-publish","hentry","entry"],"_links":{"self":[{"href":"https:\/\/parafiacharsznica.pl\/index.php\/wp-json\/wp\/v2\/pages\/812","targetHints":{"allow":["GET"]}}],"collection":[{"href":"https:\/\/parafiacharsznica.pl\/index.php\/wp-json\/wp\/v2\/pages"}],"about":[{"href":"https:\/\/parafiacharsznica.pl\/index.php\/wp-json\/wp\/v2\/types\/page"}],"author":[{"embeddable":true,"href":"https:\/\/parafiacharsznica.pl\/index.php\/wp-json\/wp\/v2\/users\/1"}],"replies":[{"embeddable":true,"href":"https:\/\/parafiacharsznica.pl\/index.php\/wp-json\/wp\/v2\/comments?post=812"}],"version-history":[{"count":2,"href":"https:\/\/parafiacharsznica.pl\/index.php\/wp-json\/wp\/v2\/pages\/812\/revisions"}],"predecessor-version":[{"id":1380,"href":"https:\/\/parafiacharsznica.pl\/index.php\/wp-json\/wp\/v2\/pages\/812\/revisions\/1380"}],"wp:attachment":[{"href":"https:\/\/parafiacharsznica.pl\/index.php\/wp-json\/wp\/v2\/media?parent=812"}],"curies":[{"name":"wp","href":"https:\/\/api.w.org\/{rel}","templated":true}]}}