{"id":810,"date":"2023-02-06T23:21:26","date_gmt":"2023-02-06T22:21:26","guid":{"rendered":"http:\/\/serwer177530.lh.pl\/autoinstalator\/serwer177530.lh.pl\/wordpress10353\/?page_id=810"},"modified":"2024-01-11T12:28:37","modified_gmt":"2024-01-11T11:28:37","slug":"historia","status":"publish","type":"page","link":"https:\/\/parafiacharsznica.pl\/index.php\/historia\/","title":{"rendered":"Historia"},"content":{"rendered":"\n<p>Dekret o erygowaniu parafii pw. MB R\u00f3\u017ca\u0144cowej w Charsznicy wyda\u0142 dnia 30 wrze\u015bnia 1976 roku biskup kielecki Jan Jaroszewicz. Proboszczem nowopowsta\u0142ej parafii zosta\u0142 mianowany ks. Ludwik Michalik.\u00a0<br>\u00a0<br>Dzieje \u017cycia religijnego w Charsznicy si\u0119gaj\u0105 jednak lat 30. XX wieku, kiedy to odpowiadaj\u0105c na potrzeby i pro\u015bby mieszka\u0144c\u00f3w kolejowej osady, lokalny przemys\u0142owiec i spo\u0142ecznik Antoni Malaty\u0144ski, przekaza\u0142 na potrzeby kultu religijnego sw\u00f3j stary magazyn, w kt\u00f3rym po przeprowadzeniu prac adaptacyjnych powsta\u0142a kompletnie wyposa\u017cona kaplica. Przez dziesi\u0119ciolecia kaplica formalnie przynale\u017ca\u0142a do parafii Chod\u00f3w. Pocz\u0105tkowo by\u0142a miejscem odprawiania nabo\u017ce\u0144stw majowych i pa\u017adziernikowych, a z czasem r\u00f3wnie\u017c mszy \u015bw. w niedziele i \u015bwi\u0119ta.\u00a0<br>\u00a0<br>Na pocz\u0105tku lat 70. XX wieku rozpocz\u0119\u0142y si\u0119 starania o utworzenie w Charsznicy odr\u0119bnej parafii. Ich prekursorem by\u0142 Krzysztof Krzy\u017canowski, \u00f3wczesny ko\u015bcielny i opiekun kaplicy. W celu przygotowania gruntu pod now\u0105 wsp\u00f3lnot\u0119 bp Jan Jaroszewicz skierowa\u0142 do Charsznicy ks. Ludwika Michalika &#8211; m\u0142odego wikarego z parafii Chod\u00f3w, kt\u00f3ry dzi\u0119ki swojemu po\u015bwi\u0119ceniu i zdolno\u015bciom organizacyjnym, pomimo trudno\u015bci stwarzanych przez \u00f3wczesn\u0105 w\u0142adz\u0119, doprowadzi\u0142 do powstania podstawowych warunk\u00f3w lokalowych dla nowej parafii, a nied\u0142ugo potem do zakupu gruntu i budowy na nim nowego ko\u015bcio\u0142a.\u00a0<br>\u00a0<br>W dniu erygowania parafii w Charsznicy przydzielono do niej Ciszowice, cz\u0119\u015b\u0107 Witowic, Szark\u00f3wk\u0119, Charsznic\u0119 Wie\u015b, cz\u0119\u015b\u0107 Uniejowa Kolonii oraz cz\u0119\u015b\u0107 Miechowa-Charsznicy z ulicami: \u017barnowieck\u0105, Miechowsk\u0105, Szkoln\u0105, G\u00f3rn\u0105, Poln\u0105, Mickiewicza, Cich\u0105, Kolejow\u0105 i Ogrodow\u0105. Dotychczasowa kaplica zosta\u0142a podniesiona do godno\u015bci ko\u015bcio\u0142a parafialnego.\u00a0<br>\u00a0<br>Niewiele p\u00f3\u017aniej, dzi\u0119ki zach\u0119cie i pomocy ks. Ludwika Michalika zawi\u0105za\u0142a si\u0119 parafialna orkiestra d\u0119ta (aktualnie dzia\u0142aj\u0105ca przy OSP w Charsznicy pod nazw\u0105 \u201cTEMPO\u201d) oraz ochotnicza stra\u017c po\u017carna.\u00a0 \u00a0<br>\u00a0<br>W latach 1982-1986 dzi\u0119ki staraniom proboszcza oraz ofiarno\u015bci i pracy mieszka\u0144c\u00f3w powsta\u0142 nowy ko\u015bci\u00f3\u0142 parafialny. Prace budowlane przebiega\u0142y pocz\u0105tkowo w trudnej rzeczywisto\u015bci stanu wojennego. \u017bywno\u015b\u0107 dost\u0119pna w\u00f3wczas \u201cna kartki\u201d by\u0142a dostarczana ekipie budowlanej przez parafian. Materia\u0142y budowlane z cz\u0119sto odleg\u0142ych miejsc tj. Pi\u0144cz\u00f3w czy Ogrodzieniec dostarczyli na plac budowy lokalni gospodarze. W dniu 19 pa\u017adziernika 1986 roku bp Stanis\u0142aw Szymecki pob\u0142ogos\u0142awi\u0142 nowy ko\u015bci\u00f3\u0142 i przekaza\u0142 do sprawowania liturgii, a 10 lat p\u00f3\u017aniej bp Kazimierz Ryczan konsekrowa\u0142 \u015bwi\u0105tyni\u0119.\u00a0<br>\u00a0<br>W 1988 roku z inicjatywy ks. Michalika i parafian prochy Antoniego Malaty\u0144skiego, jego \u017cony Jadwigi oraz syna Jana zosta\u0142y przeniesione z chodowskiego cmentarza do krypty przygotowanej w nowym ko\u015bciele.\u00a0<br>\u00a0<br>Przez kolejne dziesi\u0119ciolecia istnienia parafia stopniowo rozwija\u0142a swoj\u0105 dzia\u0142alno\u015b\u0107 i infrastruktur\u0119. Parafianie ufundowali wyposa\u017cenie ko\u015bcio\u0142a, m.in. o\u0142tarz, \u0142awki, stacje drogi krzy\u017cowej, organy oraz polichromi\u0119. Powsta\u0142a nowa plebania, dom opieki prowadzony przez \u201cCaritas\u201d, kaplica cmentarna. Zakupiono r\u00f3wnie\u017c grunt pod powi\u0119kszenie cmentarza. \u00a0<br>\u00a0<br>Przy parafii zawi\u0105za\u0142y si\u0119 lokalne ko\u0142a Katolickiego Stowarzyszenia M\u0142odzie\u017cy (1992 r.) oraz Akcji Katolickiej (1998 r.). W roku 2003 powsta\u0142a idea organizacji corocznej \u201cParafiady\u201d, z kt\u00f3rej doch\u00f3d przeznaczany jest na cele spo\u0142eczne, m.in. wsparcie finansowe m\u0142odych, kszta\u0142c\u0105cych si\u0119 parafian pochodz\u0105cych z ubo\u017cszych rodzin.\u00a0 \u00a0<br>\u00a0<br>Dotychczasowi duszpasterze Parafii MB R\u00f3\u017ca\u0144cowej w Charsznicy:\u00a0<br>\u00a0<br>1976 &#8211; 2008 \u2013 ks. Ludwik Michalik\u00a0(zm. 11.01.2024 r.)<br>2008 &#8211; 2009 \u2013 ks. Czes\u0142aw Parkita\u00a0<br>2009 &#8211; 2016 \u2013 ks. Krzysztof Irla\u00a0<br>od 2016 \u2013 ks. Mariusz Kwa\u015bniewski\u00a0<br>\u00a0<\/p>\n","protected":false},"excerpt":{"rendered":"<p>Dekret o erygowaniu parafii pw. MB R\u00f3\u017ca\u0144cowej w Charsznicy wyda\u0142 dnia 30 wrze\u015bnia 1976 roku biskup kielecki Jan Jaroszewicz. Proboszczem nowopowsta\u0142ej parafii zosta\u0142 mianowany ks. Ludwik Michalik.\u00a0\u00a0Dzieje \u017cycia religijnego w Charsznicy si\u0119gaj\u0105 jednak lat 30. XX wieku, kiedy to odpowiadaj\u0105c na potrzeby i pro\u015bby mieszka\u0144c\u00f3w kolejowej osady, lokalny przemys\u0142owiec i spo\u0142ecznik Antoni Malaty\u0144ski, przekaza\u0142 na [&hellip;]<\/p>\n","protected":false},"author":1,"featured_media":0,"parent":0,"menu_order":0,"comment_status":"closed","ping_status":"closed","template":"","meta":{"footnotes":""},"class_list":["post-810","page","type-page","status-publish","hentry","entry"],"_links":{"self":[{"href":"https:\/\/parafiacharsznica.pl\/index.php\/wp-json\/wp\/v2\/pages\/810","targetHints":{"allow":["GET"]}}],"collection":[{"href":"https:\/\/parafiacharsznica.pl\/index.php\/wp-json\/wp\/v2\/pages"}],"about":[{"href":"https:\/\/parafiacharsznica.pl\/index.php\/wp-json\/wp\/v2\/types\/page"}],"author":[{"embeddable":true,"href":"https:\/\/parafiacharsznica.pl\/index.php\/wp-json\/wp\/v2\/users\/1"}],"replies":[{"embeddable":true,"href":"https:\/\/parafiacharsznica.pl\/index.php\/wp-json\/wp\/v2\/comments?post=810"}],"version-history":[{"count":4,"href":"https:\/\/parafiacharsznica.pl\/index.php\/wp-json\/wp\/v2\/pages\/810\/revisions"}],"predecessor-version":[{"id":2460,"href":"https:\/\/parafiacharsznica.pl\/index.php\/wp-json\/wp\/v2\/pages\/810\/revisions\/2460"}],"wp:attachment":[{"href":"https:\/\/parafiacharsznica.pl\/index.php\/wp-json\/wp\/v2\/media?parent=810"}],"curies":[{"name":"wp","href":"https:\/\/api.w.org\/{rel}","templated":true}]}}