{"id":716,"date":"2023-01-01T21:33:31","date_gmt":"2023-01-01T20:33:31","guid":{"rendered":"http:\/\/serwer177530.lh.pl\/autoinstalator\/serwer177530.lh.pl\/wordpress10353\/?page_id=716"},"modified":"2023-02-25T21:10:24","modified_gmt":"2023-02-25T20:10:24","slug":"malzenstwo","status":"publish","type":"page","link":"https:\/\/parafiacharsznica.pl\/index.php\/malzenstwo\/","title":{"rendered":"Ma\u0142\u017ce\u0144stwo"},"content":{"rendered":"\n<p>Kandydaci do ma\u0142\u017ce\u0144stwa zg\u0142aszaj\u0105 si\u0119 do Kancelarii Parafialnej celem za\u0142atwienia formalno\u015bci zwi\u0105zanych z planowanym ma\u0142\u017ce\u0144stwem na 3 miesi\u0105ce przed planowan\u0105 dat\u0105 \u015blubu.<\/p>\n\n\n\n<p><strong>Sprawy organizacyjne<\/strong><br>W sprawach zawarcia Sakramentu Ma\u0142\u017ce\u0144stwa narzeczeni zg\u0142aszaj\u0105 si\u0119 do Kancelarii Parafialnej trzy miesi\u0105ce przed planowan\u0105 dat\u0105 \u015blubu (dat\u0119 \u015blubu mo\u017cna ustali\u0107 wcze\u015bniej).<\/p>\n\n\n\n<p><strong>Kto mo\u017ce zawrze\u0107 Sakrament Ma\u0142\u017ce\u0144stwa?<\/strong><br>Obowi\u0105zuje zakaz pa\u0144stwowy i ko\u015bcielny zawierania ma\u0142\u017ce\u0144stw przez osoby, kt\u00f3re nie uko\u0144czy\u0142y 18 roku \u017cycia. Dla m\u0119\u017cczyzny zwolnienie od tej granicy nie jest przewidziane. Kobieta, kt\u00f3ra uko\u0144czy\u0142a 16 rok \u017cycia, mo\u017ce uzyska\u0107 zgod\u0119. Wymagane jest w\u00f3wczas spotkanie rodzic\u00f3w z Ks. Proboszczem i wyra\u017cenie pisemnej zgody na zawarcie ma\u0142\u017ce\u0144stwa przez ich dziecko oraz uzyskanie dyspensy ks. Biskupa Ordynariusza miejsca.<\/p>\n\n\n\n<p><strong>Przygotowanie do Sakramentu Ma\u0142\u017ce\u0144stwa<\/strong><br>By m\u0142odzi ludzie byli dobrze przygotowani do za\u0142o\u017cenia rodziny i zawarcia sakramentu ma\u0142\u017ce\u0144stwa, zobowi\u0105zani s\u0105 do uczestnictwa w:<br>\u2022 Kursie przedma\u0142\u017ce\u0144skim<br>\u2022 Poradni \u017bycia Rodzinnego<br>W w\/w spotkaniach narzeczeni mog\u0105 uczestniczy\u0107 w innych parafiach. Uczestnictwo w nich jest potwierdzane przez osob\u0119 prowadz\u0105c\u0105.<\/p>\n\n\n\n<p><strong>Spisanie protoko\u0142u<\/strong><br>Protok\u00f3\u0142 przed\u015blubny musi by\u0107 spisany, co najmniej trzy miesi\u0105ce wcze\u015bniej przed dat\u0105 \u015blubu ze wzgl\u0119du na zapowiedzi przed\u015blubne. Wcze\u015bniej narzeczona lub narzeczony zg\u0142asza si\u0119 do Kancelarii Parafialnej z kompletem dokument\u00f3w (wykaz dokument\u00f3w zamieszczony jest poni\u017cej) i ustalany jest termin rozmowy duszpasterskiej. W ustalonym terminie oboje narzeczeni zg\u0142aszaj\u0105 si\u0119 do kancelarii.<\/p>\n\n\n\n<p><strong>Dokumenty wymagane do spisania protoko\u0142u:<\/strong><\/p>\n\n\n\n<ol class=\"wp-block-list\">\n<li>\u015awiadectwo Chrztu \u015awi\u0119tego do \u015blubu ko\u015bcielnego, je\u015bli sakrament Chrztu \u015awi\u0119tego zosta\u0142 udzielony w innej parafii ni\u017c parafia, gdzie ma by\u0107 zawarty zwi\u0105zek ma\u0142\u017ce\u0144ski.<br>Na \u015bwiadectwie tym powinna si\u0119 znajdowa\u0107 adnotacja o przyj\u0119ciu Sakramentu Bierzmowania, jak i adnotacja stwierdzaj\u0105ca, czy nie zosta\u0142o zawarte ma\u0142\u017ce\u0144stwo z inn\u0105 osob\u0105. Je\u017celi z jaki\u015b powod\u00f3w nie ma w ksi\u0119dze chrzt\u00f3w adnotacji o przyj\u0119ciu Bierzmowania, nale\u017cy poprosi\u0107 o stosowny dokument z parafii, gdzie si\u0119 go przyj\u0119\u0142o.<br>Wa\u017cno\u015b\u0107 wydania \u015awiadectwa Chrztu do \u015blubu ko\u015bcielnego wynosi 6 miesi\u0119cy przed dat\u0105 spisania protoko\u0142u. Je\u017celi w\/w dokument wystawiony b\u0119dzie na nazwisko, kt\u00f3re jest ju\u017c nieaktualne, nale\u017cy w\u00f3wczas w pierwszej kolejno\u015bci dokona\u0107 zmiany w ksi\u0119dze chrzt\u00f3w na podstawie Pe\u0142nego Aktu Urodzenia z USC, gdy\u017c taki dokument jest niewa\u017cny.<\/li>\n\n\n\n<li>Za\u015bwiadczenie z Urz\u0119du Stanu Cywilnego do \u015blubu konkordatowego wydane w 3 egz., kt\u00f3re b\u0119dzie stanowi\u0142o podstaw\u0119 do sporz\u0105dzenia aktu ma\u0142\u017ce\u0144stwa. Wa\u017cno\u015b\u0107 tego dokumentu up\u0142ywa po 6 miesi\u0105cach. Po przyj\u0119ciu Sakramentu Ma\u0142\u017ce\u0144stwa jeden egzemplarz otrzymuj\u0105 nowo\u017ce\u0144cy, jeden pozostaje w parafii, a jeden przez parafi\u0119 jest przekazany do Urz\u0119du Stanu Cywilnego.<\/li>\n\n\n\n<li>Zgoda na zawarcie ma\u0142\u017ce\u0144stwa w tutejszej parafii z parafii zamieszkania jednego z narzeczonych tylko w przypadku, gdy oboje narzeczeni mieszkaj\u0105 poza nasz\u0105 parafi\u0105.<\/li>\n\n\n\n<li>Dowody osobiste lub inne dokumenty potwierdzaj\u0105ce to\u017csamo\u015b\u0107.<\/li>\n\n\n\n<li>Je\u017celi jest ju\u017c zawarty \u015blub cywilny nale\u017cy dostarczy\u0107 Akt Zawarcia Ma\u0142\u017ce\u0144stwa z USC.<\/li>\n\n\n\n<li>Osoby owdowia\u0142e przynosz\u0105 Akt Zgonu wsp\u00f3\u0142ma\u0142\u017conka.<\/li>\n\n\n\n<li>Za\u015bwiadczenie o uczestnictwie w naukach przedma\u0142\u017ce\u0144skich oraz z Poradni \u017bycia Rodzinnego. Je\u015bli w\/w spotkania trwaj\u0105, b\u0105d\u017a dopiero b\u0119d\u0105 w p\u00f3\u017aniejszym terminie za\u015bwiadczenia nale\u017cy dostarczy\u0107 w\u00f3wczas najp\u00f3\u017aniej na tydzie\u0144 przed planowanym \u015blubem.<\/li>\n\n\n\n<li>Spisane na karteczce dane dotycz\u0105ce \u015bwiadk\u00f3w \u015blubu (nazwiska i imiona, wiek, adresy zameldowania).<\/li>\n\n\n\n<li>Narzeczeni podaj\u0105 r\u00f3wnie\u017c informacj\u0119 dotycz\u0105c\u0105 przyj\u0119cia I Komunii \u015awi\u0119tej \u2013 miejsce i dat\u0119 przyj\u0119cia I Komunii \u015awi\u0119tej.<\/li>\n<\/ol>\n\n\n\n<p><strong>Inne dokumenty<\/strong><br>Po spisaniu protoko\u0142u przed\u015blubnego kap\u0142an wydaje zapowiedzi przed\u015blubne dla narzeczonych, kt\u00f3rzy zamieszkuj\u0105 na terenie innej parafii. Zapowiedzi te nale\u017cy zanie\u015b\u0107 do danej Kancelarii Parafialnej i ustali\u0107 termin odbioru. Po odebraniu zapowiedzi nale\u017cy je dostarczy\u0107 z powrotem do parafii, w kt\u00f3rej odb\u0119dzie si\u0119 ceremonia \u015blubna. Brak zapowiedzi r\u00f3wnowa\u017cny jest z niemo\u017cno\u015bci\u0105 udzielenia Sakramentu Ma\u0142\u017ce\u0144stwa! Zapowiedzi og\u0142asza si\u0119 r\u00f3wnie\u017c w parafii \u015blubu.<\/p>\n\n\n\n<p>Narzeczeni otrzymuj\u0105 r\u00f3wnie\u017c karteczki do spowiedzi przed\u015blubnej, kt\u00f3re dostarcza si\u0119 w dniu \u015blubu do kancelarii. Do Sakramentu Pokuty i Pojednania narzeczeni przyst\u0119puj\u0105 dwukrotnie. Pierwsza Spowied\u017a powinna odby\u0107 si\u0119 po spisaniu protoko\u0142u przed\u015blubnego, a druga \u2013 tu\u017c przed \u015blubem, by w stanie \u0142aski u\u015bwi\u0119caj\u0105cej przyst\u0105pi\u0107 do Sakramentu Ma\u0142\u017ce\u0144stwa.<\/p>\n\n\n\n<p>Nowo\u017ce\u0144cy i \u015bwiadkowie umawiaj\u0105 si\u0119 i przychodz\u0105 do kancelarii. Tam przekazuj\u0105 kap\u0142anowi karteczki ze spowiedzi narzeczonych i sk\u0142adaj\u0105 stosowne podpisy.<\/p>\n\n\n\n<p>W razie niejasno\u015bci dodatkowych informacji dotycz\u0105ce zawarcia Sakramentu Ma\u0142\u017ce\u0144stwa udzielaj\u0105 kap\u0142ani.<\/p>\n","protected":false},"excerpt":{"rendered":"<p>Kandydaci do ma\u0142\u017ce\u0144stwa zg\u0142aszaj\u0105 si\u0119 do Kancelarii Parafialnej celem za\u0142atwienia formalno\u015bci zwi\u0105zanych z planowanym ma\u0142\u017ce\u0144stwem na 3 miesi\u0105ce przed planowan\u0105 dat\u0105 \u015blubu. Sprawy organizacyjneW sprawach zawarcia Sakramentu Ma\u0142\u017ce\u0144stwa narzeczeni zg\u0142aszaj\u0105 si\u0119 do Kancelarii Parafialnej trzy miesi\u0105ce przed planowan\u0105 dat\u0105 \u015blubu (dat\u0119 \u015blubu mo\u017cna ustali\u0107 wcze\u015bniej). Kto mo\u017ce zawrze\u0107 Sakrament Ma\u0142\u017ce\u0144stwa?Obowi\u0105zuje zakaz pa\u0144stwowy i ko\u015bcielny zawierania [&hellip;]<\/p>\n","protected":false},"author":1,"featured_media":0,"parent":0,"menu_order":0,"comment_status":"closed","ping_status":"closed","template":"","meta":{"footnotes":""},"class_list":["post-716","page","type-page","status-publish","hentry","entry"],"_links":{"self":[{"href":"https:\/\/parafiacharsznica.pl\/index.php\/wp-json\/wp\/v2\/pages\/716","targetHints":{"allow":["GET"]}}],"collection":[{"href":"https:\/\/parafiacharsznica.pl\/index.php\/wp-json\/wp\/v2\/pages"}],"about":[{"href":"https:\/\/parafiacharsznica.pl\/index.php\/wp-json\/wp\/v2\/types\/page"}],"author":[{"embeddable":true,"href":"https:\/\/parafiacharsznica.pl\/index.php\/wp-json\/wp\/v2\/users\/1"}],"replies":[{"embeddable":true,"href":"https:\/\/parafiacharsznica.pl\/index.php\/wp-json\/wp\/v2\/comments?post=716"}],"version-history":[{"count":2,"href":"https:\/\/parafiacharsznica.pl\/index.php\/wp-json\/wp\/v2\/pages\/716\/revisions"}],"predecessor-version":[{"id":1162,"href":"https:\/\/parafiacharsznica.pl\/index.php\/wp-json\/wp\/v2\/pages\/716\/revisions\/1162"}],"wp:attachment":[{"href":"https:\/\/parafiacharsznica.pl\/index.php\/wp-json\/wp\/v2\/media?parent=716"}],"curies":[{"name":"wp","href":"https:\/\/api.w.org\/{rel}","templated":true}]}}