{"id":714,"date":"2023-01-01T21:33:05","date_gmt":"2023-01-01T20:33:05","guid":{"rendered":"http:\/\/serwer177530.lh.pl\/autoinstalator\/serwer177530.lh.pl\/wordpress10353\/?page_id=714"},"modified":"2023-03-01T19:35:34","modified_gmt":"2023-03-01T18:35:34","slug":"bierzmowanie","status":"publish","type":"page","link":"https:\/\/parafiacharsznica.pl\/index.php\/bierzmowanie\/","title":{"rendered":"Bierzmowanie"},"content":{"rendered":"\n<p>W naszej parafii do Sakramentu Bierzmowania przygotowuj\u0105 si\u0119 uczniowie klas V, VI i VII SP.<br>Bierzmowanie jest sakramentem, w kt\u00f3rym otrzymujemy w szczeg\u00f3lny spos\u00f3b Ducha \u015awi\u0119tego.<br><br><strong>Warunki, kt\u00f3re musi spe\u0142ni\u0107 kandydat do Sakramentu Bierzmowania<\/strong><br>\u2022 w ka\u017cd\u0105 niedziel\u0119 i wyznaczone \u015bwi\u0119to uczestniczy\u0107 we Mszy \u015bw. wewn\u0105trz ko\u015bcio\u0142a;<br>\u2022 przyst\u0119powa\u0107 do Sakramentu Pokuty;<br>\u2022 sumiennie i aktywnie uczestniczy\u0107 w katechezie szkolnej, starannie prowadzi\u0107 zeszyt z religii;<br>\u2022 zaliczy\u0107 w wyznaczonych terminach obowi\u0105zuj\u0105cy materia\u0142, tj.: zadane modlitwy i pytania;<br>\u2022 uczestniczy\u0107 w nabo\u017ce\u0144stwach r\u00f3\u017ca\u0144cowych, Roratach, Rekolekcjach Adwentowych i Wielkopostnych, nabo\u017ce\u0144stwach pasyjnych i nabo\u017ce\u0144stwach majowych;<br>\u2022 odpowiednio zachowywa\u0107 si\u0119 w ko\u015bciele i na katechezie.<br><br><strong>Kto mo\u017ce zosta\u0107 \u015bwiadkiem przy Bierzmowaniu?<\/strong><br>\u015awiadkami przy Bierzmowaniu mog\u0105 by\u0107 osoby, kt\u00f3re przyj\u0119\u0142y Sakrament Chrztu, Eucharystii, Bierzmowania i s\u0105 osobami praktykuj\u0105cymi. Nie mog\u0105 by\u0107 to osoby \u017cyj\u0105ce niezgodnie z wiar\u0105 i nauk\u0105 Ko\u015bcio\u0142a np. w zwi\u0105zku cywilnym, konkubinacie lub niemaj\u0105cy nic wsp\u00f3lnego z \u017cyciem Ko\u015bcio\u0142a (niepraktykuj\u0105cy, albo praktykuj\u0105cy tylko &#8222;od \u015bwi\u0119ta&#8221;). \u015awiadkowie spoza naszej parafii przedstawiaj\u0105 za\u015bwiadczenia swojego ksi\u0119dza proboszcza, i\u017c mog\u0105 pe\u0142ni\u0107 t\u0119 funkcj\u0119.<br><br><strong>Wymagane dokumenty:<\/strong><br>Dokumentem koniecznym do dopuszczenia do Sakramentu Bierzmowania jest skr\u00f3cony akt chrztu (ewentualnie pami\u0105tka chrztu).<br>W przypadku os\u00f3b spoza parafii (wed\u0142ug aktualnego miejsca zamieszkania \u2013 nie zameldowania), konieczna jest zgoda w\u0142asnego proboszcza na udzielenie sakramentu poza parafi\u0105 zamieszkania.<br>Wykaz potrzebnych dokument\u00f3w:<br>\u2022 metryka chrztu<br>\u2022 za\u015bwiadczenie o uczestnictwie w katechezie szkolnej lub ostatnie \u015bwiadectwo katechizacji<br>\u2022 w przypadku os\u00f3b starszych \u015bwiadectwo uko\u0144czenia katechizacji szkolnej.<\/p>\n\n\n\n<p><strong>PRZYGOTOWANIE DO PRZYJ\u0118CIA SAKRAMENTU BIERZMOWANIA<\/strong><br><br>HARMONOGRAM SPOTKA\u0143:<br>SPOTKANIA:<br>Najbli\u017csze spotkanie kandydat\u00f3w do bierzmowania:<\/p>\n\n\n\n<p>NA WSZYSTKICH SPOTKANIACH OBECNO\u015a\u0106 OBOWI\u0104ZKOWA!!!<\/p>\n\n\n\n<p><br>SPOWIED\u0179 \u015aWI\u0118TA PRZED PRZYJ\u0118CIEM SAKRAMENTU BIERZMOWANIA ODB\u0118DZIE SI\u0118:<br>W NAST\u0118PUJ\u0104CYM PORZ\u0104DKU:<br>PLANOWANY TERMIN BIERZMOWANIA:<\/p>\n\n\n\n<p><strong>KOMUNIKAT WS. PRZYGOTOWANIA DO SAKRAMENT\u00d3W KOMUNII I BIERZMOWANIA<\/strong><br><br>Kuria Diecezjalna w Kielcach informuje, \u017ce w zwi\u0105zku z nasilaj\u0105cym si\u0119 procederem wypisywania uczni\u00f3w z lekcji religii po Pierwszej Komunii i zapisywania ich na powr\u00f3t w 8 klasie ze wzgl\u0119du na bierzmowanie, przypominamy zasady wyznaczone przez Komisj\u0119 Wychowania Katolickiego KEP i Dekret Biskupa Kieleckiego.<\/p>\n\n\n\n<ol class=\"wp-block-list\">\n<li>Uczniowie, kt\u00f3rzy nie uczestnicz\u0105 w szkolnych lekcjach religii nie powinni by\u0107 dopuszczeni do Pierwszej Komunii lub bierzmowania (por. O\u015bwiadczenie Komisji Wychowania KEP z 28 sierpnia 2013 r. oraz Instrukcja dotycz\u0105ca przygotowania do przyj\u0119cia sakramentu bierzmowania m\u0142odzie\u017cy ucz\u0105cej si\u0119 w szko\u0142ach podstawowych i ponadpodstawowych w diecezji kieleckiej).<\/li>\n\n\n\n<li>Wed\u0142ug Wytycznych Episkopatu przygotowanie do sakramentu bierzmowania sk\u0142ada si\u0119 z trzech etap\u00f3w: dalszego, bli\u017cszego i bezpo\u015bredniego a optymalnym czasem na przygotowanie bli\u017csze i bezpo\u015brednie s\u0105 trzy lata (VI-VII-VIII klasa). Chocia\u017c w naszej diecezji przygotowanie bli\u017csze trwa jeden rok i przyj\u0119cie sakramentu bierzmowania odbywa si\u0119 przewa\u017cnie w klasie \u00f3smej to jednak kandydaci do bierzmowania przez ca\u0142y okres wspomnianych trzech lat powinni uczestniczy\u0107 w lekcjach religii i uzyska\u0107 w klasach VI, VII i VIII szko\u0142y podstawowej pozytywn\u0105 ocen\u0119 roczn\u0105 z religii. Duszpasterz odpowiedzialny za przygotowanie bezpo\u015brednie powinien mie\u0107 przekonanie, \u017ce ka\u017cdy kandydat spe\u0142nia te warunki. W sytuacjach w\u0105tpliwych nale\u017cy uzyska\u0107 stosown\u0105 opini\u0119 od nauczyciela religii. Je\u015bli kandydat nie uczestniczy\u0142 w lekcjach religii w poprzednich klasach (VI-VII), zobowi\u0105zany jest do uzupe\u0142nienia brak\u00f3w w spos\u00f3b uzgodniony z nauczycielem religii. Je\u015bli nie jest to mo\u017cliwe, duszpasterz odpowiedzialny za przygotowanie do bierzmowania mo\u017ce zorganizowa\u0107 w ramach przygotowania indywidualne powt\u00f3rzenie brakuj\u0105cych wiadomo\u015bci i egzamin sprawdzaj\u0105cy wiedz\u0119 religijn\u0105 z tego zakresu.<\/li>\n\n\n\n<li>Podobna zasada ma zastosowanie w ramach przygotowania przed Pierwsz\u0105 Komuni\u0105 \u015awi\u0119t\u0105 czyli I, II i III klasa ucze\u0144 uczestniczy w katechezie szkolnej. Je\u017celi nie uczestniczy\u0142by w I i II klasie to musi ten materia\u0142 uzupe\u0142ni\u0107 i zaliczy\u0107.<\/li>\n<\/ol>\n\n\n\n<p>Dyrektor Wydzia\u0142u Katechetycznego<br>Kurii Diecezjalnej<br>Ks.Karol Zegan<br>\u2020 Andrzej Kaleta<br>WIKARIUSZ GENERALNY<\/p>\n","protected":false},"excerpt":{"rendered":"<p>W naszej parafii do Sakramentu Bierzmowania przygotowuj\u0105 si\u0119 uczniowie klas V, VI i VII SP.Bierzmowanie jest sakramentem, w kt\u00f3rym otrzymujemy w szczeg\u00f3lny spos\u00f3b Ducha \u015awi\u0119tego. Warunki, kt\u00f3re musi spe\u0142ni\u0107 kandydat do Sakramentu Bierzmowania\u2022 w ka\u017cd\u0105 niedziel\u0119 i wyznaczone \u015bwi\u0119to uczestniczy\u0107 we Mszy \u015bw. wewn\u0105trz ko\u015bcio\u0142a;\u2022 przyst\u0119powa\u0107 do Sakramentu Pokuty;\u2022 sumiennie i aktywnie uczestniczy\u0107 w katechezie [&hellip;]<\/p>\n","protected":false},"author":1,"featured_media":0,"parent":0,"menu_order":0,"comment_status":"closed","ping_status":"closed","template":"","meta":{"footnotes":""},"class_list":["post-714","page","type-page","status-publish","hentry","entry"],"_links":{"self":[{"href":"https:\/\/parafiacharsznica.pl\/index.php\/wp-json\/wp\/v2\/pages\/714","targetHints":{"allow":["GET"]}}],"collection":[{"href":"https:\/\/parafiacharsznica.pl\/index.php\/wp-json\/wp\/v2\/pages"}],"about":[{"href":"https:\/\/parafiacharsznica.pl\/index.php\/wp-json\/wp\/v2\/types\/page"}],"author":[{"embeddable":true,"href":"https:\/\/parafiacharsznica.pl\/index.php\/wp-json\/wp\/v2\/users\/1"}],"replies":[{"embeddable":true,"href":"https:\/\/parafiacharsznica.pl\/index.php\/wp-json\/wp\/v2\/comments?post=714"}],"version-history":[{"count":4,"href":"https:\/\/parafiacharsznica.pl\/index.php\/wp-json\/wp\/v2\/pages\/714\/revisions"}],"predecessor-version":[{"id":1527,"href":"https:\/\/parafiacharsznica.pl\/index.php\/wp-json\/wp\/v2\/pages\/714\/revisions\/1527"}],"wp:attachment":[{"href":"https:\/\/parafiacharsznica.pl\/index.php\/wp-json\/wp\/v2\/media?parent=714"}],"curies":[{"name":"wp","href":"https:\/\/api.w.org\/{rel}","templated":true}]}}