{"id":712,"date":"2023-01-01T21:32:20","date_gmt":"2023-01-01T20:32:20","guid":{"rendered":"http:\/\/serwer177530.lh.pl\/autoinstalator\/serwer177530.lh.pl\/wordpress10353\/?page_id=712"},"modified":"2023-02-25T21:15:09","modified_gmt":"2023-02-25T20:15:09","slug":"pokuta-i-pojednanie","status":"publish","type":"page","link":"https:\/\/parafiacharsznica.pl\/index.php\/pokuta-i-pojednanie\/","title":{"rendered":"Pokuta i pojednanie"},"content":{"rendered":"\n<p><strong>W niedziele<\/strong> przed ka\u017cd\u0105 Msz\u0105 \u015awi\u0119t\u0105.<br><strong>W dni powszednie<\/strong> przed ka\u017cd\u0105 Msz\u0105 \u015awi\u0119t\u0105.<\/p>\n","protected":false},"excerpt":{"rendered":"<p>W niedziele przed ka\u017cd\u0105 Msz\u0105 \u015awi\u0119t\u0105.W dni powszednie przed ka\u017cd\u0105 Msz\u0105 \u015awi\u0119t\u0105.<\/p>\n","protected":false},"author":1,"featured_media":0,"parent":0,"menu_order":0,"comment_status":"closed","ping_status":"closed","template":"","meta":{"footnotes":""},"class_list":["post-712","page","type-page","status-publish","hentry","entry"],"_links":{"self":[{"href":"https:\/\/parafiacharsznica.pl\/index.php\/wp-json\/wp\/v2\/pages\/712","targetHints":{"allow":["GET"]}}],"collection":[{"href":"https:\/\/parafiacharsznica.pl\/index.php\/wp-json\/wp\/v2\/pages"}],"about":[{"href":"https:\/\/parafiacharsznica.pl\/index.php\/wp-json\/wp\/v2\/types\/page"}],"author":[{"embeddable":true,"href":"https:\/\/parafiacharsznica.pl\/index.php\/wp-json\/wp\/v2\/users\/1"}],"replies":[{"embeddable":true,"href":"https:\/\/parafiacharsznica.pl\/index.php\/wp-json\/wp\/v2\/comments?post=712"}],"version-history":[{"count":2,"href":"https:\/\/parafiacharsznica.pl\/index.php\/wp-json\/wp\/v2\/pages\/712\/revisions"}],"predecessor-version":[{"id":1164,"href":"https:\/\/parafiacharsznica.pl\/index.php\/wp-json\/wp\/v2\/pages\/712\/revisions\/1164"}],"wp:attachment":[{"href":"https:\/\/parafiacharsznica.pl\/index.php\/wp-json\/wp\/v2\/media?parent=712"}],"curies":[{"name":"wp","href":"https:\/\/api.w.org\/{rel}","templated":true}]}}