{"id":710,"date":"2023-01-01T21:31:34","date_gmt":"2023-01-01T20:31:34","guid":{"rendered":"http:\/\/serwer177530.lh.pl\/autoinstalator\/serwer177530.lh.pl\/wordpress10353\/?page_id=710"},"modified":"2023-04-29T18:32:07","modified_gmt":"2023-04-29T16:32:07","slug":"komunia-swieta","status":"publish","type":"page","link":"https:\/\/parafiacharsznica.pl\/index.php\/komunia-swieta\/","title":{"rendered":"Komunia \u015bwi\u0119ta"},"content":{"rendered":"\n<p>Strona w przygotowaniu.<\/p>\n\n\n\n<p><\/p>\n\n\n\n<p><strong>KOMUNIKAT<\/strong><\/p>\n\n\n\n<p>Kuria Diecezjalna w&nbsp;Kielcach informuje, \u017ce&nbsp;w&nbsp;zwi\u0105zku z&nbsp;nasilaj\u0105cym si\u0119 procederem wypisywania uczni\u00f3w z&nbsp;lekcji religii po&nbsp;Pierwszej Komunii i&nbsp;zapisywania ich na&nbsp;powr\u00f3t w&nbsp;8 klasie ze&nbsp;wzgl\u0119du na&nbsp;bierzmowanie, przypominamy zasady wyznaczone przez&nbsp;Komisj\u0119 Wychowania Katolickiego KEP i&nbsp;Dekret Biskupa Kieleckiego.<\/p>\n\n\n\n<p>1. Uczniowie, kt\u00f3rzy&nbsp;nie&nbsp;uczestnicz\u0105 w&nbsp;szkolnych lekcjach religii nie&nbsp;powinni by\u0107 dopuszczeni do&nbsp;Pierwszej Komunii lub bierzmowania (por. O\u015bwiadczenie Komisji Wychowania KEP z&nbsp;28 sierpnia 2013 r. oraz&nbsp;Instrukcja dotycz\u0105ca przygotowania do&nbsp;przyj\u0119cia sakramentu bierzmowania m\u0142odzie\u017cy ucz\u0105cej si\u0119 w&nbsp;szko\u0142ach podstawowych i&nbsp;ponadpodstawowych w&nbsp;diecezji kieleckiej).<\/p>\n\n\n\n<p>2. Wed\u0142ug Wytycznych Episkopatu przygotowanie do&nbsp;sakramentu bierzmowania sk\u0142ada si\u0119 z&nbsp;trzech etap\u00f3w: dalszego, bli\u017cszego i&nbsp;bezpo\u015bredniego a&nbsp;optymalnym czasem na&nbsp;przygotowanie bli\u017csze i&nbsp;bezpo\u015brednie s\u0105&nbsp;trzy lata (VI-VII-VIII klasa). Chocia\u017c w&nbsp;naszej diecezji przygotowanie bli\u017csze trwa jeden rok i&nbsp;przyj\u0119cie sakramentu bierzmowania odbywa si\u0119 przewa\u017cnie w&nbsp;klasie \u00f3smej to&nbsp;jednak kandydaci do&nbsp;bierzmowania przez&nbsp;ca\u0142y okres wspomnianych trzech lat powinni uczestniczy\u0107 w&nbsp;lekcjach religii i&nbsp;uzyska\u0107 w&nbsp;klasach VI, VII i&nbsp;VIII szko\u0142y podstawowej pozytywn\u0105 ocen\u0119 roczn\u0105 z&nbsp;religii. Duszpasterz odpowiedzialny za&nbsp;przygotowanie bezpo\u015brednie powinien mie\u0107 przekonanie, \u017ce&nbsp;ka\u017cdy kandydat spe\u0142nia te&nbsp;warunki. W&nbsp;sytuacjach w\u0105tpliwych nale\u017cy uzyska\u0107 stosown\u0105 opini\u0119 od&nbsp;nauczyciela religii. Je\u015bli kandydat nie&nbsp;uczestniczy\u0142 w&nbsp;lekcjach religii w&nbsp;poprzednich klasach (VI-VII), zobowi\u0105zany jest do&nbsp;uzupe\u0142nienia brak\u00f3w w&nbsp;spos\u00f3b uzgodniony z&nbsp;nauczycielem religii. Je\u015bli nie&nbsp;jest to&nbsp;mo\u017cliwe, duszpasterz odpowiedzialny za&nbsp;przygotowanie do&nbsp;bierzmowania mo\u017ce zorganizowa\u0107 w&nbsp;ramach przygotowania indywidualne powt\u00f3rzenie brakuj\u0105cych wiadomo\u015bci i&nbsp;egzamin sprawdzaj\u0105cy wiedz\u0119 religijn\u0105 z&nbsp;tego zakresu.<br>3. Podobna zasada ma&nbsp;zastosowanie w&nbsp;ramach przygotowania przed&nbsp;Pierwsz\u0105 Komuni\u0105 \u015awi\u0119t\u0105 czyli I, II&nbsp;i&nbsp;III klasa ucze\u0144 uczestniczy w&nbsp;katechezie szkolnej. Je\u017celi nie&nbsp;uczestniczy\u0142by w&nbsp;I&nbsp;i&nbsp;II&nbsp;klasie to&nbsp;musi ten materia\u0142 uzupe\u0142ni\u0107 i&nbsp;zaliczy\u0107.<\/p>\n\n\n\n<p>Dyrektor Wydzia\u0142u Katechetycznego<br>Kurii Diecezjalnej<br>Ks. Karol Zegan<\/p>\n\n\n\n<p><strong>Spotkania przed Komuni\u0105:<\/strong><\/p>\n\n\n\n<p>4 maja, (czwartek) \u2013 godz. 17<sup>00<\/sup>.<\/p>\n\n\n\n<p>5 maja, (pi\u0105tek) \u2013 godz. 17<sup>00<\/sup>.<\/p>\n\n\n\n<p>8 maja, (poniedzia\u0142ek) \u2013 godz. 17<sup>00<\/sup>.<\/p>\n\n\n\n<p>10 maja, (\u015broda) \u2013 godz. 17<sup>00<\/sup>.<\/p>\n\n\n\n<p>12 maja, (pi\u0105tek) \u2013 godz. 17<sup>00<\/sup>.<\/p>\n\n\n\n<p>15 maja, (poniedzia\u0142ek) \u2013 godz. 17<sup>00<\/sup>.<\/p>\n\n\n\n<p>17 maja, (\u015broda) \u2013 godz. 17<sup>00<\/sup>.<\/p>\n\n\n\n<p><strong>Spowied\u017a<\/strong> dzieci, rodzic\u00f3w, chrzestnych i cz\u0142onk\u00f3w rodziny: 18 maja, (czwartek) \u2013 godz. 19<sup>30<\/sup>.<\/p>\n\n\n\n<p><strong>Sprz\u0105tanie ko\u015bcio\u0142a:<\/strong> 19 maja, (pi\u0105tek) \u2013 od godz. 16<sup>30<\/sup>.<\/p>\n\n\n\n<p><strong>I Komunia \u015bwi\u0119ta:<\/strong> 20 maja, (sobota) \u2013 godz. 12<sup>00<\/sup>.<\/p>\n\n\n\n<p><strong>Bia\u0142y tydzie\u0144:<\/strong><\/p>\n\n\n\n<ul class=\"wp-block-list\">\n<li>Niedziela godz. 10<sup>30<\/sup>.<\/li>\n\n\n\n<li>Od poniedzia\u0142ku do pi\u0105tku godz. 19<sup>00<\/sup>.<\/li>\n<\/ul>\n\n\n\n<p><strong>Sobota, 27 maja<\/strong> pielgrzymka dzi\u0119kczynna za przyj\u0119cie Komunii \u015bwi\u0119tej.<\/p>\n\n\n\n<ol class=\"wp-block-list\" type=\"1\">\n<li>propozycja: \u0141agiewniki, Wadowice, Zator.<\/li>\n\n\n\n<li>propozycja: Zakopane, Krzept\u00f3wki.<\/li>\n<\/ol>\n","protected":false},"excerpt":{"rendered":"<p>Strona w przygotowaniu. KOMUNIKAT Kuria Diecezjalna w&nbsp;Kielcach informuje, \u017ce&nbsp;w&nbsp;zwi\u0105zku z&nbsp;nasilaj\u0105cym si\u0119 procederem wypisywania uczni\u00f3w z&nbsp;lekcji religii po&nbsp;Pierwszej Komunii i&nbsp;zapisywania ich na&nbsp;powr\u00f3t w&nbsp;8 klasie ze&nbsp;wzgl\u0119du na&nbsp;bierzmowanie, przypominamy zasady wyznaczone przez&nbsp;Komisj\u0119 Wychowania Katolickiego KEP i&nbsp;Dekret Biskupa Kieleckiego. 1. Uczniowie, kt\u00f3rzy&nbsp;nie&nbsp;uczestnicz\u0105 w&nbsp;szkolnych lekcjach religii nie&nbsp;powinni by\u0107 dopuszczeni do&nbsp;Pierwszej Komunii lub bierzmowania (por. O\u015bwiadczenie Komisji Wychowania KEP z&nbsp;28 sierpnia [&hellip;]<\/p>\n","protected":false},"author":1,"featured_media":0,"parent":0,"menu_order":0,"comment_status":"closed","ping_status":"closed","template":"","meta":{"footnotes":""},"class_list":["post-710","page","type-page","status-publish","hentry","entry"],"_links":{"self":[{"href":"https:\/\/parafiacharsznica.pl\/index.php\/wp-json\/wp\/v2\/pages\/710","targetHints":{"allow":["GET"]}}],"collection":[{"href":"https:\/\/parafiacharsznica.pl\/index.php\/wp-json\/wp\/v2\/pages"}],"about":[{"href":"https:\/\/parafiacharsznica.pl\/index.php\/wp-json\/wp\/v2\/types\/page"}],"author":[{"embeddable":true,"href":"https:\/\/parafiacharsznica.pl\/index.php\/wp-json\/wp\/v2\/users\/1"}],"replies":[{"embeddable":true,"href":"https:\/\/parafiacharsznica.pl\/index.php\/wp-json\/wp\/v2\/comments?post=710"}],"version-history":[{"count":4,"href":"https:\/\/parafiacharsznica.pl\/index.php\/wp-json\/wp\/v2\/pages\/710\/revisions"}],"predecessor-version":[{"id":1746,"href":"https:\/\/parafiacharsznica.pl\/index.php\/wp-json\/wp\/v2\/pages\/710\/revisions\/1746"}],"wp:attachment":[{"href":"https:\/\/parafiacharsznica.pl\/index.php\/wp-json\/wp\/v2\/media?parent=710"}],"curies":[{"name":"wp","href":"https:\/\/api.w.org\/{rel}","templated":true}]}}