{"id":708,"date":"2023-01-01T21:30:32","date_gmt":"2023-01-01T20:30:32","guid":{"rendered":"http:\/\/serwer177530.lh.pl\/autoinstalator\/serwer177530.lh.pl\/wordpress10353\/?page_id=708"},"modified":"2023-02-25T21:01:14","modified_gmt":"2023-02-25T20:01:14","slug":"chrzest-swiety","status":"publish","type":"page","link":"https:\/\/parafiacharsznica.pl\/index.php\/chrzest-swiety\/","title":{"rendered":"Chrzest \u015bwi\u0119ty"},"content":{"rendered":"\n<p>Po\u015brednikiem mi\u0119dzy Bogiem, a nami jest Jezus Chrystus. Z Panem Jezusem na zawsze, na ca\u0142\u0105 wieczno\u015b\u0107 \u0142\u0105czy nas CHRZEST \u015aWI\u0118TY. R\u00f3wnie\u017c przez Chrzest wchodzimy do \u015awi\u0119tego Ko\u015bcio\u0142a Powszechnego, powi\u0119kszaj\u0105c Jego organizm. Czy zdajemy sobie spraw\u0119 z odpowiedzialno\u015bci, jaka p\u0142ynie z faktu przyj\u0119cia Chrztu \u015awi\u0119tego?<\/p>\n\n\n\n<p><\/p>\n\n\n\n<p><strong>O CHRZEST DLA DZIECKA PROSZ\u0104 KO\u015aCI\u00d3\u0141 \u015aWI\u0118TY RODZICE.<\/strong><br>Nie mog\u0105 ich w tej sprawie wyr\u0119cza\u0107 osoby trzecie, np. krewni lub przyjaciele!<br><br><strong>Jak za\u0142atwi\u0107 formalno\u015bci zwi\u0105zane z Sakramentem Chrztu \u015bw.?<\/strong><\/p>\n\n\n\n<ol class=\"wp-block-list\">\n<li>W odpowiednim czasie, przynajmniej na 3 tygodnie przed planowanym Chrztem rodzice zg\u0142aszaj\u0105 ch\u0119\u0107 Chrztu dziecka w kancelarii.<\/li>\n\n\n\n<li>Nale\u017cy przynie\u015b\u0107 ze sob\u0105 do wgl\u0105du Akt urodzenia dziecka z Urz\u0119du Stanu Cywilnego.<\/li>\n\n\n\n<li>Nale\u017cy poda\u0107 imi\u0119 i nazwisko oraz dane personalne rodzic\u00f3w chrzestnych.<\/li>\n\n\n\n<li>Rodzice i chrzestni przygotowuj\u0105 si\u0119 religijnie na uroczysto\u015b\u0107 Chrztu \u015awi\u0119tego dziecka: przyst\u0119puj\u0105 do Spowiedzi \u015bw., aby w dniu Chrztu dziecka przyj\u0105\u0107 Komuni\u0119 \u015bwi\u0119t\u0105.<br><\/li>\n<\/ol>\n\n\n\n<p><strong>Kto mo\u017ce zosta\u0107 chrzestnym?<\/strong><br>Chrzestnymi dla dziecka mog\u0105 by\u0107 takie osoby, kt\u00f3re przyj\u0119\u0142y Sakrament Chrztu, Eucharystii, Bierzmowania i s\u0105 osobami praktykuj\u0105cymi, kt\u00f3re swym \u017cyciem mog\u0105 da\u0107 przyk\u0142ad dziecku.<\/p>\n\n\n\n<p>Nie mog\u0105 by\u0107 to osoby \u017cyj\u0105ce niezgodnie z wiar\u0105 i nauk\u0105 Ko\u015bcio\u0142a np. w zwi\u0105zku cywilnym, konkubinacie lub niemaj\u0105cy nic wsp\u00f3lnego z \u017cyciem Ko\u015bcio\u0142a (niepraktykuj\u0105cy, albo praktykuj\u0105cy tylko &#8222;od \u015bwi\u0119ta&#8221;).<\/p>\n\n\n\n<p>Chrzestni spoza naszej parafii przedstawiaj\u0105 za\u015bwiadczenia swojego ksi\u0119dza proboszcza, i\u017c mog\u0105 pe\u0142ni\u0107 t\u0119 funkcj\u0119.<\/p>\n\n\n\n<p><strong>Do obrz\u0119du chrztu potrzebna jest \u015bwieca i bia\u0142a szata. Dobrym zwyczajem jest, aby o \u015bwiec\u0119 zadba\u0142 ojciec chrzestny, a o bia\u0142\u0105 szatk\u0119 matka chrzestna.<\/strong><\/p>\n","protected":false},"excerpt":{"rendered":"<p>Po\u015brednikiem mi\u0119dzy Bogiem, a nami jest Jezus Chrystus. Z Panem Jezusem na zawsze, na ca\u0142\u0105 wieczno\u015b\u0107 \u0142\u0105czy nas CHRZEST \u015aWI\u0118TY. R\u00f3wnie\u017c przez Chrzest wchodzimy do \u015awi\u0119tego Ko\u015bcio\u0142a Powszechnego, powi\u0119kszaj\u0105c Jego organizm. Czy zdajemy sobie spraw\u0119 z odpowiedzialno\u015bci, jaka p\u0142ynie z faktu przyj\u0119cia Chrztu \u015awi\u0119tego? O CHRZEST DLA DZIECKA PROSZ\u0104 KO\u015aCI\u00d3\u0141 \u015aWI\u0118TY RODZICE.Nie mog\u0105 ich w [&hellip;]<\/p>\n","protected":false},"author":1,"featured_media":0,"parent":0,"menu_order":0,"comment_status":"closed","ping_status":"closed","template":"","meta":{"footnotes":""},"class_list":["post-708","page","type-page","status-publish","hentry","entry"],"_links":{"self":[{"href":"https:\/\/parafiacharsznica.pl\/index.php\/wp-json\/wp\/v2\/pages\/708","targetHints":{"allow":["GET"]}}],"collection":[{"href":"https:\/\/parafiacharsznica.pl\/index.php\/wp-json\/wp\/v2\/pages"}],"about":[{"href":"https:\/\/parafiacharsznica.pl\/index.php\/wp-json\/wp\/v2\/types\/page"}],"author":[{"embeddable":true,"href":"https:\/\/parafiacharsznica.pl\/index.php\/wp-json\/wp\/v2\/users\/1"}],"replies":[{"embeddable":true,"href":"https:\/\/parafiacharsznica.pl\/index.php\/wp-json\/wp\/v2\/comments?post=708"}],"version-history":[{"count":3,"href":"https:\/\/parafiacharsznica.pl\/index.php\/wp-json\/wp\/v2\/pages\/708\/revisions"}],"predecessor-version":[{"id":1151,"href":"https:\/\/parafiacharsznica.pl\/index.php\/wp-json\/wp\/v2\/pages\/708\/revisions\/1151"}],"wp:attachment":[{"href":"https:\/\/parafiacharsznica.pl\/index.php\/wp-json\/wp\/v2\/media?parent=708"}],"curies":[{"name":"wp","href":"https:\/\/api.w.org\/{rel}","templated":true}]}}