{"id":479,"date":"2023-02-06T18:36:58","date_gmt":"2023-02-06T17:36:58","guid":{"rendered":"http:\/\/serwer177530.lh.pl\/autoinstalator\/serwer177530.lh.pl\/wordpress10353\/?page_id=479"},"modified":"2023-02-26T20:05:58","modified_gmt":"2023-02-26T19:05:58","slug":"organizacje-parafialne","status":"publish","type":"page","link":"https:\/\/parafiacharsznica.pl\/index.php\/organizacje-parafialne\/","title":{"rendered":"Organizacje parafialne"},"content":{"rendered":"\n<ul class=\"wp-block-list\">\n<li><strong><a href=\"https:\/\/parafiacharsznica.pl\/index.php\/grupa-modlitewna-sw-ojca-pio\/\">Grupa modlitewna \u015bw. Ojca Pio<\/a><\/strong><\/li>\n\n\n\n<li><strong><a href=\"https:\/\/parafiacharsznica.pl\/index.php\/kola-rozancowe\/\">Ko\u0142a r\u00f3\u017ca\u0144cowe<\/a><\/strong><\/li>\n\n\n\n<li><strong><a href=\"https:\/\/parafiacharsznica.pl\/index.php\/ministranci\/\">Ministranci<\/a><\/strong><\/li>\n\n\n\n<li><strong><a href=\"https:\/\/parafiacharsznica.pl\/index.php\/orkiestra-deta-tempo\/\">Orkiestra D\u0119ta \u201eTEMPO\u201d<\/a><\/strong><\/li>\n<\/ul>\n","protected":false},"excerpt":{"rendered":"","protected":false},"author":1,"featured_media":0,"parent":0,"menu_order":0,"comment_status":"closed","ping_status":"closed","template":"","meta":{"footnotes":""},"class_list":["post-479","page","type-page","status-publish","hentry","entry"],"_links":{"self":[{"href":"https:\/\/parafiacharsznica.pl\/index.php\/wp-json\/wp\/v2\/pages\/479","targetHints":{"allow":["GET"]}}],"collection":[{"href":"https:\/\/parafiacharsznica.pl\/index.php\/wp-json\/wp\/v2\/pages"}],"about":[{"href":"https:\/\/parafiacharsznica.pl\/index.php\/wp-json\/wp\/v2\/types\/page"}],"author":[{"embeddable":true,"href":"https:\/\/parafiacharsznica.pl\/index.php\/wp-json\/wp\/v2\/users\/1"}],"replies":[{"embeddable":true,"href":"https:\/\/parafiacharsznica.pl\/index.php\/wp-json\/wp\/v2\/comments?post=479"}],"version-history":[{"count":3,"href":"https:\/\/parafiacharsznica.pl\/index.php\/wp-json\/wp\/v2\/pages\/479\/revisions"}],"predecessor-version":[{"id":1516,"href":"https:\/\/parafiacharsznica.pl\/index.php\/wp-json\/wp\/v2\/pages\/479\/revisions\/1516"}],"wp:attachment":[{"href":"https:\/\/parafiacharsznica.pl\/index.php\/wp-json\/wp\/v2\/media?parent=479"}],"curies":[{"name":"wp","href":"https:\/\/api.w.org\/{rel}","templated":true}]}}