{"id":470,"date":"2023-02-06T18:23:35","date_gmt":"2023-02-06T17:23:35","guid":{"rendered":"http:\/\/serwer177530.lh.pl\/autoinstalator\/serwer177530.lh.pl\/wordpress10353\/?page_id=470"},"modified":"2023-02-26T19:57:06","modified_gmt":"2023-02-26T18:57:06","slug":"orkiestra-deta-tempo","status":"publish","type":"page","link":"https:\/\/parafiacharsznica.pl\/index.php\/orkiestra-deta-tempo\/","title":{"rendered":"Orkiestra D\u0119ta &#8222;TEMPO&#8221;"},"content":{"rendered":"\n<figure class=\"wp-block-image size-full\"><img loading=\"lazy\" decoding=\"async\" width=\"1366\" height=\"1080\" src=\"https:\/\/parafiacharsznica.pl\/wp-content\/uploads\/2023\/02\/TEMPO.jpg\" alt=\"\" class=\"wp-image-1348\" srcset=\"https:\/\/parafiacharsznica.pl\/wp-content\/uploads\/2023\/02\/TEMPO.jpg 1366w, https:\/\/parafiacharsznica.pl\/wp-content\/uploads\/2023\/02\/TEMPO-300x237.jpg 300w, https:\/\/parafiacharsznica.pl\/wp-content\/uploads\/2023\/02\/TEMPO-1024x810.jpg 1024w, https:\/\/parafiacharsznica.pl\/wp-content\/uploads\/2023\/02\/TEMPO-768x607.jpg 768w\" sizes=\"auto, (max-width: 1366px) 100vw, 1366px\" \/><\/figure>\n\n\n\n<hr class=\"wp-block-separator has-alpha-channel-opacity is-style-dots\"\/>\n\n\n\n<p>Orkiestra d\u0119ta &#8222;TEMPO&#8221; powsta\u0142a w 1977 r. jako orkiestra parafialna z inicjatywy \u00f3wczesnego proboszcza ks. Ludwika Michalika. Zg\u0142osi\u0142o si\u0119 25 kandydat\u00f3w. Proboszcz przy wydatnej pomocy parafian i sk\u0142adek cz\u0142onk\u00f3w orkiestry zakupi\u0142 potrzebne instrumenty.<\/p>\n\n\n\n<p>Pierwszy raz wyst\u0105pili\u015bmy w pe\u0142nym sk\u0142adzie w \u015bwi\u0119to Bo\u017cego Cia\u0142a 9 czerwca 1977 roku.<\/p>\n\n\n\n<p>W styczniu 1978 r. orkiestra odby\u0142a kol\u0119d\u0119 w parafii zbieraj\u0105c datki. Zebrano ponad 100 tys. z\u0142, za kt\u00f3re zakupiono pierwsze mundury i czapki.<\/p>\n\n\n\n<p>Od tego czasu regularnie \u0107wiczymy i wyst\u0119pujemy na uroczysto\u015bciach ko\u015bcielnych, stra\u017cackich i pa\u0144stwowych, na terenie Gminy Charsznica i poza jej granicami. W przegl\u0105dach powiatowych i wojew\u00f3dzkich zdobywamy zawsze czo\u0142owe miejsca.<\/p>\n\n\n\n<p>Dwukrotnie brali\u015bmy udzia\u0142 w Paradzie Orkiestr D\u0119tych w Kielcach.<\/p>\n\n\n\n<p>Bezinteresownie, cyklicznie uczestniczymy w charytatywnych akcjach \u201ePola Nadziei\u201d i wielu innych uroczysto\u015bciach.<\/p>\n\n\n\n<p>Od pocz\u0105tku powstania orkiestry prowadzi\u0142 nas tworz\u0105c zesp\u00f3\u0142, ucz\u0105c gry, dyrygent, Pan Zbigniew Czaj, kt\u00f3ry w styczniu 2020 r. przekaza\u0142 batut\u0119 swojemu nast\u0119pcy, obecnemu kapelmistrzowi Panu Tomaszowi Zawadzkiemu, kt\u00f3ry z powodzeniem prowadzi nasz zesp\u00f3\u0142 kszta\u0142tuj\u0105c go i udoskonalaj\u0105c nasz\u0105 gr\u0119.<\/p>\n\n\n\n<p>Na przestrzeni swojej dzia\u0142alno\u015bci przechodzili\u015bmy r\u00f3\u017cne zmiany sk\u0142adu osobowego. W szeregi zespo\u0142u przychodzili i odchodzili jego cz\u0142onkowie. Obecnie orkiestra liczy 21 os\u00f3b.<\/p>\n\n\n\n<p>Na szczeg\u00f3ln\u0105 uwag\u0119 zas\u0142uguje nasz kolega druh Henryk Raj, kt\u00f3ry jako jedyny z za\u0142o\u017cycieli orkiestry do dzisiaj uczestniczy w jej \u017cyciu. Jest z nami graj\u0105c oraz udziela szerokiego wsparcia w sprawach organizacyjnych.<\/p>\n\n\n\n<p>Dotychczasowy rozw\u00f3j by\u0142 mo\u017cliwy dzi\u0119ki bardzo dobrze uk\u0142adaj\u0105cej si\u0119 wsp\u00f3\u0142pracy z Ksi\u0119dzem Proboszczem, Panem W\u00f3jtem, Rad\u0105 Gminy, Gminnym O\u015brodkiem Kultury w Charsznicy oraz z Marsza\u0142kiem Wojew\u00f3dztwa Ma\u0142opolskiego, przy kt\u00f3rego wsparciu zrealizowali\u015bmy zakup nowych instrument\u00f3w.<\/p>\n\n\n\n<p>Z naszej strony zapewniamy nadal trwa\u0107 i bra\u0107 udzia\u0142 w tworzeniu jak najlepszej atmosfery w naszej lokalnej spo\u0142eczno\u015bci.<\/p>\n","protected":false},"excerpt":{"rendered":"<p>Orkiestra d\u0119ta &#8222;TEMPO&#8221; powsta\u0142a w 1977 r. jako orkiestra parafialna z inicjatywy \u00f3wczesnego proboszcza ks. Ludwika Michalika. Zg\u0142osi\u0142o si\u0119 25 kandydat\u00f3w. Proboszcz przy wydatnej pomocy parafian i sk\u0142adek cz\u0142onk\u00f3w orkiestry zakupi\u0142 potrzebne instrumenty. Pierwszy raz wyst\u0105pili\u015bmy w pe\u0142nym sk\u0142adzie w \u015bwi\u0119to Bo\u017cego Cia\u0142a 9 czerwca 1977 roku. W styczniu 1978 r. orkiestra odby\u0142a kol\u0119d\u0119 w [&hellip;]<\/p>\n","protected":false},"author":1,"featured_media":0,"parent":0,"menu_order":0,"comment_status":"closed","ping_status":"closed","template":"","meta":{"footnotes":""},"class_list":["post-470","page","type-page","status-publish","hentry","entry"],"_links":{"self":[{"href":"https:\/\/parafiacharsznica.pl\/index.php\/wp-json\/wp\/v2\/pages\/470","targetHints":{"allow":["GET"]}}],"collection":[{"href":"https:\/\/parafiacharsznica.pl\/index.php\/wp-json\/wp\/v2\/pages"}],"about":[{"href":"https:\/\/parafiacharsznica.pl\/index.php\/wp-json\/wp\/v2\/types\/page"}],"author":[{"embeddable":true,"href":"https:\/\/parafiacharsznica.pl\/index.php\/wp-json\/wp\/v2\/users\/1"}],"replies":[{"embeddable":true,"href":"https:\/\/parafiacharsznica.pl\/index.php\/wp-json\/wp\/v2\/comments?post=470"}],"version-history":[{"count":11,"href":"https:\/\/parafiacharsznica.pl\/index.php\/wp-json\/wp\/v2\/pages\/470\/revisions"}],"predecessor-version":[{"id":1514,"href":"https:\/\/parafiacharsznica.pl\/index.php\/wp-json\/wp\/v2\/pages\/470\/revisions\/1514"}],"wp:attachment":[{"href":"https:\/\/parafiacharsznica.pl\/index.php\/wp-json\/wp\/v2\/media?parent=470"}],"curies":[{"name":"wp","href":"https:\/\/api.w.org\/{rel}","templated":true}]}}