{"id":3,"date":"2023-01-15T12:25:45","date_gmt":"2023-01-15T11:25:45","guid":{"rendered":"http:\/\/serwer177530.lh.pl\/autoinstalator\/serwer177530.lh.pl\/wordpress10353\/?page_id=3"},"modified":"2023-02-26T17:15:54","modified_gmt":"2023-02-26T16:15:54","slug":"polityka-prywatnosci","status":"publish","type":"page","link":"https:\/\/parafiacharsznica.pl\/index.php\/polityka-prywatnosci\/","title":{"rendered":"Polityka prywatno\u015bci"},"content":{"rendered":"\n<p>U\u017cywamy plik\u00f3w cookies, aby u\u0142atwi\u0107 Ci korzystanie z naszego serwisu oraz do cel\u00f3w statystycznych. Je\u015bli nie blokujesz tych plik\u00f3w, to zgadzasz si\u0119 na ich u\u017cycie oraz zapisanie w pami\u0119ci urz\u0105dzenia. Pami\u0119taj, \u017ce mo\u017cesz samodzielnie zarz\u0105dza\u0107 cookies, zmieniaj\u0105c ustawienia przegl\u0105darki. Jak wy\u0142\u0105czy\u0107 pliki cookie? Nasza strona zapisuje na Twoim komputerze, a dok\u0142adniej w schowku konkretnej przegl\u0105darki (Firefox, Internet Explorer, Chrome i inne) na Twoim koncie u\u017cytkownika komputera lub telefonu, na kt\u00f3rym \u0142\u0105czysz si\u0119 z Sieci\u0105, tzw. pliki cookie. Zazwyczaj pliki cookie s\u0105 bardzo po\u017cyteczne. Dzi\u0119ki nim zapami\u0119tywane s\u0105 Twoje indywidualne ustawienia. Dzi\u0119ki nim wiemy jak wielu u\u017cytkownik\u00f3w zagl\u0105da na nasza stron\u0119 i jakie tre\u015bci ciesz\u0105 si\u0119 najwi\u0119kszym zainteresowaniem. Pliki cookie pozwalaj\u0105 tak\u017ce usprawni\u0107 poruszanie si\u0119 po stronie. W niekt\u00f3rych przypadkach wy\u0142\u0105czenie obs\u0142ugi plik\u00f3w cookie mo\u017ce uniemo\u017cliwi\u0107 normalne korzystanie z serwisu.<br><\/p>\n\n\n\n<p>Je\u017celi uwa\u017casz, \u017ce obecno\u015b\u0107 plik\u00f3w cookies narusza Twoj\u0105 prywatno\u015b\u0107, mo\u017cesz w ka\u017cdej chwili je wy\u0142\u0105czy\u0107 albo dla konkretnej witryny albo og\u00f3le dla wszystkich po\u0142\u0105cze\u0144 z Twojej przegl\u0105darki.<\/p>\n\n\n\n<ul class=\"wp-block-list\">\n<li>W przegl\u0105darce Mozilla Firefox &#8211; w menu &#8222;Narz\u0119dzia&#8221; wybierz &#8222;Opcje&#8221; i w nich zak\u0142adk\u0119 &#8222;Prywatno\u015b\u0107&#8221;. Przegl\u0105darka daje Ci mo\u017cliwo\u015b\u0107 zaznaczenia, \u017ce nie chcesz by\u0107 \u015bledzony w og\u00f3le albo usuni\u0119cia pojedynczych ciasteczek poszczeg\u00f3lnych witryn.<br><\/li>\n\n\n\n<li>W przegl\u0105darce Microsoft Internet Explorer &#8211; w menu &#8222;Narz\u0119dzia&#8221; wybierz &#8222;Opcje internetowe&#8221; i w nich zak\u0142adk\u0119 &#8222;Prywatno\u015b\u0107&#8221;. Specjalnym suwakiem mo\u017cesz regulowa\u0107 og\u00f3lny poziom prywatno\u015bci albo przyciskiem &#8222;Witryny&#8221; zarz\u0105dza\u0107 ustawieniami poszczeg\u00f3lnych serwis\u00f3w internetowych.<br><\/li>\n\n\n\n<li>W przegl\u0105darce Google Chrome &#8211; w menu ukrytym pod trzema poziomymi kreseczkami w prawym g\u00f3rnym rogu przegl\u0105darki wybierz &#8222;Narz\u0119dzia&#8221;, a potem &#8222;Wyczy\u015b\u0107 dane przegl\u0105dania&#8230;&#8221;. Opr\u00f3cz mo\u017cliwo\u015bci czyszczenia plik\u00f3w cookie, znajduje si\u0119 tam link &#8222;Wi\u0119cej informacji&#8221;, kt\u00f3ry prowadzi do szczeg\u00f3\u0142owego opisu funkcji prywatno\u015bci przegl\u0105darki.<br><\/li>\n\n\n\n<li>W przegl\u0105darce Opera przyciskiem &#8222;Opera&#8221; &#8211; w lewym g\u00f3rnym rogu otw\u00f3rz menu i wybierz w nim &#8222;Ustawienia&#8221; i dalej &#8222;Wyczy\u015b\u0107 histori\u0119 przegl\u0105dania&#8230;&#8221;. Opr\u00f3cz mo\u017cliwo\u015bci skasowania ju\u017c ustawionych plik\u00f3w cookie, jest tam te\u017c przycisk &#8222;Zarz\u0105dzaj ciasteczkami&#8230;&#8221; prowadz\u0105cy do bardziej zaawansowanych opcji dla poszczeg\u00f3lnych witryn.<br><\/li>\n\n\n\n<li>W przegl\u0105darce Apple Safari &#8211; w menu &#8222;Safari&#8221; wybierz &#8222;Preferencje&#8221; i w nich zak\u0142adk\u0119 &#8222;Prywatno\u015b\u0107&#8221;. Znajdziesz w niej liczne opcje dotycz\u0105ce plik\u00f3w cookie.<br><\/li>\n\n\n\n<li>W telefonach kom\u00f3rkowych, tabletach i innych urz\u0105dzeniach mobilnych &#8211; ka\u017cdy model telefonu mo\u017ce t\u0119 funkcj\u0119 obs\u0142ugiwa\u0107 w inny spos\u00f3b. Dlatego zach\u0119camy do zapoznania si\u0119 z opcjami prywatno\u015bci w dokumentacji na stronie internetowej producenta Twojego urz\u0105dzenia mobilnego.<\/li>\n<\/ul>\n","protected":false},"excerpt":{"rendered":"<p>U\u017cywamy plik\u00f3w cookies, aby u\u0142atwi\u0107 Ci korzystanie z naszego serwisu oraz do cel\u00f3w statystycznych. Je\u015bli nie blokujesz tych plik\u00f3w, to zgadzasz si\u0119 na ich u\u017cycie oraz zapisanie w pami\u0119ci urz\u0105dzenia. Pami\u0119taj, \u017ce mo\u017cesz samodzielnie zarz\u0105dza\u0107 cookies, zmieniaj\u0105c ustawienia przegl\u0105darki. Jak wy\u0142\u0105czy\u0107 pliki cookie? Nasza strona zapisuje na Twoim komputerze, a dok\u0142adniej w schowku konkretnej przegl\u0105darki [&hellip;]<\/p>\n","protected":false},"author":1,"featured_media":0,"parent":0,"menu_order":0,"comment_status":"closed","ping_status":"closed","template":"","meta":{"footnotes":""},"class_list":["post-3","page","type-page","status-publish","hentry","entry"],"_links":{"self":[{"href":"https:\/\/parafiacharsznica.pl\/index.php\/wp-json\/wp\/v2\/pages\/3","targetHints":{"allow":["GET"]}}],"collection":[{"href":"https:\/\/parafiacharsznica.pl\/index.php\/wp-json\/wp\/v2\/pages"}],"about":[{"href":"https:\/\/parafiacharsznica.pl\/index.php\/wp-json\/wp\/v2\/types\/page"}],"author":[{"embeddable":true,"href":"https:\/\/parafiacharsznica.pl\/index.php\/wp-json\/wp\/v2\/users\/1"}],"replies":[{"embeddable":true,"href":"https:\/\/parafiacharsznica.pl\/index.php\/wp-json\/wp\/v2\/comments?post=3"}],"version-history":[{"count":2,"href":"https:\/\/parafiacharsznica.pl\/index.php\/wp-json\/wp\/v2\/pages\/3\/revisions"}],"predecessor-version":[{"id":1446,"href":"https:\/\/parafiacharsznica.pl\/index.php\/wp-json\/wp\/v2\/pages\/3\/revisions\/1446"}],"wp:attachment":[{"href":"https:\/\/parafiacharsznica.pl\/index.php\/wp-json\/wp\/v2\/media?parent=3"}],"curies":[{"name":"wp","href":"https:\/\/api.w.org\/{rel}","templated":true}]}}