{"id":268,"date":"2023-02-05T23:12:45","date_gmt":"2023-02-05T22:12:45","guid":{"rendered":"http:\/\/serwer177530.lh.pl\/autoinstalator\/serwer177530.lh.pl\/wordpress10353\/?page_id=268"},"modified":"2023-09-01T17:24:51","modified_gmt":"2023-09-01T15:24:51","slug":"kancelaria-parafialna","status":"publish","type":"page","link":"https:\/\/parafiacharsznica.pl\/index.php\/kancelaria-parafialna\/","title":{"rendered":"Kontakt"},"content":{"rendered":"\n<p><strong>Parafia Rzymskokatolicka <\/strong><br><strong>pw. MB R\u00f3\u017ca\u0144cowej w Charsznicy<\/strong><br>ul. M\u0142y\u0144ska 14, Miech\u00f3w-Charsznica<br>32-250 Charsznica<\/p>\n\n\n\n<p>telefon: <strong>41 23 08 063<\/strong> <br>e-mail: <a rel=\"noreferrer noopener\" href=\"mailto:kancelaria@parafiacharsznica.pl\" target=\"_blank\"><strong>kancelaria@parafiacharsznica.pl<\/strong><\/a><\/p>\n\n\n\n<p><\/p>\n\n\n\n<hr class=\"wp-block-separator has-alpha-channel-opacity is-style-dots\"\/>\n\n\n\n<p><\/p>\n\n\n\n<p><strong>Proboszcz parafii: <\/strong><br>ks. Mariusz Kwa\u015bniewski<br>telefon: <strong>602 458 778<\/strong><\/p>\n\n\n\n<p><\/p>\n\n\n\n<hr class=\"wp-block-separator has-alpha-channel-opacity is-style-dots\"\/>\n\n\n\n<p><\/p>\n\n\n\n<p><strong>Numer parafialnego konta bankowego<\/strong>: <br>16 8450 0005 0030 0383 4559 0001<\/p>\n\n\n\n<p><\/p>\n\n\n\n<hr class=\"wp-block-separator has-alpha-channel-opacity is-style-dots\"\/>\n\n\n\n<p><\/p>\n\n\n\n<p><strong>Kancelaria parafialna<\/strong> czynna:<\/p>\n\n\n\n<p>poniedzia\u0142ek \u2013 10.00\u201312.00<br>wtorek \u2013 8.00\u20139.00<br>\u015broda \u2013 15.30\u201316.30<br>czwartek \u2013 15.30\u201316.00<br>pi\u0105tek \u2013 17.30\u201318.00<br>sobota \u2013 8.00\u201310.00<\/p>\n\n\n\n<p>Niedziele i \u015bwi\u0119ta kancelaria nieczynna.<\/p>\n","protected":false},"excerpt":{"rendered":"<p>Parafia Rzymskokatolicka pw. MB R\u00f3\u017ca\u0144cowej w Charsznicyul. M\u0142y\u0144ska 14, Miech\u00f3w-Charsznica32-250 Charsznica telefon: 41 23 08 063 e-mail: kancelaria@parafiacharsznica.pl Proboszcz parafii: ks. Mariusz Kwa\u015bniewskitelefon: 602 458 778 Numer parafialnego konta bankowego: 16 8450 0005 0030 0383 4559 0001 Kancelaria parafialna czynna: poniedzia\u0142ek \u2013 10.00\u201312.00wtorek \u2013 8.00\u20139.00\u015broda \u2013 15.30\u201316.30czwartek \u2013 15.30\u201316.00pi\u0105tek \u2013 17.30\u201318.00sobota \u2013 8.00\u201310.00 Niedziele i [&hellip;]<\/p>\n","protected":false},"author":1,"featured_media":0,"parent":0,"menu_order":0,"comment_status":"closed","ping_status":"closed","template":"","meta":{"footnotes":""},"class_list":["post-268","page","type-page","status-publish","hentry","entry"],"_links":{"self":[{"href":"https:\/\/parafiacharsznica.pl\/index.php\/wp-json\/wp\/v2\/pages\/268","targetHints":{"allow":["GET"]}}],"collection":[{"href":"https:\/\/parafiacharsznica.pl\/index.php\/wp-json\/wp\/v2\/pages"}],"about":[{"href":"https:\/\/parafiacharsznica.pl\/index.php\/wp-json\/wp\/v2\/types\/page"}],"author":[{"embeddable":true,"href":"https:\/\/parafiacharsznica.pl\/index.php\/wp-json\/wp\/v2\/users\/1"}],"replies":[{"embeddable":true,"href":"https:\/\/parafiacharsznica.pl\/index.php\/wp-json\/wp\/v2\/comments?post=268"}],"version-history":[{"count":21,"href":"https:\/\/parafiacharsznica.pl\/index.php\/wp-json\/wp\/v2\/pages\/268\/revisions"}],"predecessor-version":[{"id":2074,"href":"https:\/\/parafiacharsznica.pl\/index.php\/wp-json\/wp\/v2\/pages\/268\/revisions\/2074"}],"wp:attachment":[{"href":"https:\/\/parafiacharsznica.pl\/index.php\/wp-json\/wp\/v2\/media?parent=268"}],"curies":[{"name":"wp","href":"https:\/\/api.w.org\/{rel}","templated":true}]}}