{"id":2674,"date":"2024-03-10T13:22:00","date_gmt":"2024-03-10T12:22:00","guid":{"rendered":"http:\/\/parafiacharsznica.pl\/?page_id=2674"},"modified":"2024-03-16T16:48:04","modified_gmt":"2024-03-16T15:48:04","slug":"wspomnienie-o-ksiedzu-kanoniku-ludwiku-michaliku","status":"publish","type":"page","link":"https:\/\/parafiacharsznica.pl\/index.php\/wspomnienie-o-ksiedzu-kanoniku-ludwiku-michaliku\/","title":{"rendered":"Wspomnienie o Ksi\u0119dzu Kanoniku Ludwiku Michaliku"},"content":{"rendered":"\n<p><\/p>\n\n\n\n<div class=\"wp-block-cover\" style=\"min-height:560px;aspect-ratio:unset;\"><span aria-hidden=\"true\" class=\"wp-block-cover__background has-background-dim-10 has-background-dim\"><\/span><img loading=\"lazy\" decoding=\"async\" width=\"1283\" height=\"1924\" class=\"wp-block-cover__image-background wp-image-2456\" alt=\"ks. Ludwik Michalik\" src=\"https:\/\/parafiacharsznica.pl\/wp-content\/uploads\/2024\/01\/ks-Ludwik-Michalik.jpg\" style=\"object-position:46% 39%\" data-object-fit=\"cover\" data-object-position=\"46% 39%\" srcset=\"https:\/\/parafiacharsznica.pl\/wp-content\/uploads\/2024\/01\/ks-Ludwik-Michalik.jpg 1283w, https:\/\/parafiacharsznica.pl\/wp-content\/uploads\/2024\/01\/ks-Ludwik-Michalik-200x300.jpg 200w, https:\/\/parafiacharsznica.pl\/wp-content\/uploads\/2024\/01\/ks-Ludwik-Michalik-683x1024.jpg 683w, https:\/\/parafiacharsznica.pl\/wp-content\/uploads\/2024\/01\/ks-Ludwik-Michalik-768x1152.jpg 768w, https:\/\/parafiacharsznica.pl\/wp-content\/uploads\/2024\/01\/ks-Ludwik-Michalik-1024x1536.jpg 1024w\" sizes=\"auto, (max-width: 1283px) 100vw, 1283px\" \/><div class=\"wp-block-cover__inner-container is-layout-constrained wp-block-cover-is-layout-constrained\">\n<p class=\"has-text-align-center has-large-font-size\"><\/p>\n<\/div><\/div>\n\n\n\n<p><\/p>\n\n\n\n<hr class=\"wp-block-separator has-alpha-channel-opacity is-style-dots\"\/>\n\n\n\n<p>11 stycznia 2024 roku w szpitalu w Miechowie, w 92 roku \u017cycia i 64 roku kap\u0142a\u0144stwa zmar\u0142 Ks. Kanonik Ludwik Michalik, kanonik honorowy Kapitu\u0142y Kolegiackiej w Wi\u015blicy (12 grudnia 1986 r.), kanonik gremialny Kapitu\u0142y Kolegiackiej w Wi\u015blicy (25 lutego 1993 r.)<\/p>\n\n\n\n<p>Nie b\u0119dzie przesady w stwierdzeniu, \u017ce wraz z Jego \u015bmierci\u0105 dla parafian z Charsznicy i okolic zako\u0144czy\u0142a si\u0119 pewna &#8222;epoka&#8221;. Rzadko zdarza si\u0119 by kap\u0142anowi dane by\u0142o ponad 50 lat swojej pos\u0142ugi sprawowa\u0107 w jednej parafii i dekanacie. W tym 30 lat jako proboszcz organizuj\u0105c duchowo i materialnie nowo powo\u0142an\u0105 wsp\u00f3lnot\u0119 i buduj\u0105c ko\u015bci\u00f3\u0142, plebani\u0119, organist\u00f3wk\u0119 i cmentarz a na nim kaplic\u0119 cmentarn\u0105. Wyra\u017anie i na trwa\u0142e wpisa\u0142 si\u0119 w histori\u0119 tego regionu i ludzi w\u015br\u00f3d kt\u00f3rych cieszy\u0142 si\u0119 uznaniem, szacunkiem i niekwestionowanym autorytetem. W ksi\u0105\u017cce pt. Historia Charsznicy i Parafii pw. Matki Bo\u017cej R\u00f3\u017ca\u0144cowej napisa\u0142: <\/p>\n\n\n\n<hr class=\"wp-block-separator has-alpha-channel-opacity is-style-dots\"\/>\n\n\n\n<blockquote class=\"wp-block-quote is-layout-flow wp-block-quote-is-layout-flow\">\n<p><em>(\u2026) Przyby\u0142em do Charsznicy w 1970 roku i bezgranicznie odda\u0142em si\u0119 pracy duszpasterskiej oraz dzia\u0142alno\u015bci spo\u0142ecznej, pragn\u0105c w ten spos\u00f3b da\u0107 wyraz swojej mi\u0142o\u015bci do Boga i cz\u0142owieka. W 1976 roku zosta\u0142em mianowany proboszczem parafii. Od roku 1990 do 2006 pe\u0142ni\u0142em funkcj\u0119 dziekana. Organizowa\u0142em zebrania dekanalne, na kt\u00f3re zaprasza\u0142em ksi\u0119\u017cy z s\u0105siednich dekanat\u00f3w. Spotkania wype\u0142nione by\u0142y wsp\u00f3ln\u0105 modlitw\u0105. Odbywa\u0142a si\u0119 Droga Krzy\u017cowa na kru\u017cgankach Bazyliki Grobu Bo\u017cego w Miechowie, Msza \u015bw. koncelebrowana, odczytywano referaty na tematy duszpasterskie. Moja pos\u0142uga nie ogranicza\u0142a si\u0119 tylko do parafii i dekanatu. Otrzyma\u0142em r\u00f3wnie\u017c nominacj\u0119 na kapelana Ma\u0142opolskiego Niezale\u017cnego Zwi\u0105zku Represjonowanych \u017bo\u0142nierzy-G\u00f3rnik\u00f3w. Ka\u017cdego roku w ko\u015bciele garnizonowym w Krakowie odbywaj\u0105 si\u0119 uroczysto\u015bci barb\u00f3rkowe, kt\u00f3rym przewodnicz\u0119. Co roku w dniu 30 kwietnia na Jasnej G\u00f3rze odbywa si\u0119 Og\u00f3lnopolski Zjazd \u017bo\u0142nierzy-G\u00f3rnik\u00f3w, w kt\u00f3rym bior\u0119 czynny udzia\u0142. Jestem bardzo szcz\u0119\u015bliwy, \u017ce lata mojej pos\u0142ugi obfitowa\u0142y w tak wa\u017cne i donios\u0142e wydarzenia.<\/em><\/p>\n<\/blockquote>\n\n\n\n<hr class=\"wp-block-separator has-alpha-channel-opacity is-style-dots\"\/>\n\n\n\n<p>Po przej\u015bciu na emerytur\u0119 w 2006 r. zosta\u0142 rezydentem w parafii Charsznica, a od stycznia 2019 r. ze wzgl\u0119d\u00f3w zdrowotnych zamieszka\u0142 w Domu Pomocy Spo\u0142ecznej CARITAS w Charsznicy, kt\u00f3ry sam za\u0142o\u017cy\u0142, rozbudowuj\u0105c pozyskane nieruchomo\u015bci.<\/p>\n\n\n\n<p>Ludwik Michalik urodzi\u0142 si\u0119 8 maja 1932 roku w Ko\u017amicach Wielkich, w parafii pw. M.B. Cz\u0119stochowskiej w Gorzkowie (archidiecezja krakowska), w wielodzietnej rodzinie Jana i Anieli. Do szko\u0142y podstawowej ucz\u0119szcza\u0142 w Ko\u017amicach Wielkich, a do gimnazjum i liceum (profil humanistyczny) w Wieliczce w latach 1948-1952.<\/p>\n\n\n\n<p>Z uznaniem i podziwem opowiada\u0142 o dyrektorze i nauczycielach ze szko\u0142y w Ko\u017amicach Wielkich, kt\u00f3rzy podczas okupacji nie przestali uczy\u0107 dzieci. Szko\u0142a dzia\u0142a\u0142a ca\u0142\u0105 wojn\u0119. Nauczyciele pozostali nieugi\u0119ci cho\u0107 grozi\u0142a im za to kara \u015bmierci. Niez\u0142omn\u0105 postaw\u0105 wykazywali si\u0119 r\u00f3wnie\u017c rodzice i sama m\u0142odzie\u017c i dzieci, kt\u00f3rzy we w\u0142asnym zakresie wyremontowali budynek starej szko\u0142y i nie pozwolili jej zlikwidowa\u0107. Po zdaniu matury zosta\u0142 przymusowo wcielony do wojska, a nast\u0119pnie skierowany do Kopalni \u201eConcordia\u201d w Zabrzu jako \u017co\u0142nierz-g\u00f3rnik. Studia w Wy\u017cszym Seminarium Duchownym w Kielcach to okres od 1953-1960 roku. \u015awi\u0119cenia prezbiteratu przyj\u0105\u0142 11 czerwca 1960 roku w Kielcach z r\u0105k Ks. bpa Czes\u0142awa Kaczmarka.<\/p>\n\n\n\n<p>Pierwsz\u0105 Jego plac\u00f3wk\u0105 wikariuszowsk\u0105 by\u0142a parafia Chod\u00f3w, a nast\u0119pnie Kazimierza Ma\u0142a, Jerzmanowice i po urlopie zdrowotnym w 1970 roku ponownie Chod\u00f3w.<\/p>\n\n\n\n<p>30 wrze\u015bnia 1976 roku pasterz diecezji kieleckiej Ks. Bp Jan Jaroszewicz wyda\u0142 dekret na mocy kt\u00f3rego erygowa\u0142 parafi\u0119 pw. M. Bo\u017cej R\u00f3\u017ca\u0144cowej w Charsznicy i mianowa\u0142 Ks. Ludwika Michalika proboszczem. M\u00f3wi si\u0119, \u017ce nie ma os\u00f3b niezast\u0105pionych i to prawda, s\u0105 jednak ludzie niepowtarzalni. B\u00f3g daje takie osoby we w\u0142a\u015bciwym czasie.<\/p>\n\n\n\n<p>To Bo\u017cy ludzie, wizjonerzy, troch\u0119 szaleni cz\u0119sto kontrowersyjni, ale uparci w d\u0105\u017ceniu do celu. Wida\u0107 to z perspektywy czasu, ile trzeba by\u0142o zaanga\u017cowania, sprytu i przebieg\u0142o\u015bci \u017ceby w latach jawnej walki z ko\u015bcio\u0142em pozyska\u0107 pozwolenia, materia\u0142y na budow\u0119 i ludzi do pracy. Ks. Kanonik Ludwik Michalik w wielu wspomnieniach daje si\u0119 pozna\u0107 jako niezwykle przedsi\u0119biorczy duszpasterz i spo\u0142ecznik. Organizator licznych wydarze\u0144 religijnych. Z Jego inicjatywy w Charsznicy powsta\u0142a orkiestra parafialna i jednostka Ochotniczej Stra\u017cy Po\u017carnej. Za\u0142o\u017cy\u0142 komitet budowy wodoci\u0105g\u00f3w i wraz z w\u00f3jtem wspiera\u0142 budow\u0119 hali sportowej. R\u00f3wnie\u017c powo\u0142a\u0142 do istnienia Katolickie Stowarzyszenie M\u0142odzie\u017cy.<\/p>\n\n\n\n<p>Sk\u0105d On to mia\u0142? Ten nieust\u0119pliwy talent organizowania, budowania i dzia\u0142ania?<\/p>\n\n\n\n<p>W testamencie dzi\u0119kuje Bogu za dar powo\u0142ania i wszystko przypisuje Jego \u0141asce. Rodzicom Anieli i Janowi dzi\u0119kuje za wychowanie i wiar\u0119 katolick\u0105. Mamie za ogromne serce, kochaj\u0105ce bez granic a ojcu za postaw\u0119 cz\u0142owieka sprawiedliwego i prawego, rodze\u0144stwo poleca Bogu i modli si\u0119 o ich wieczne zbawienie. Wyra\u017ca r\u00f3wnie\u017c pro\u015bb\u0119 by zosta\u0142 pochowany w rodzinnej parafii.<\/p>\n\n\n\n<hr class=\"wp-block-separator has-alpha-channel-opacity is-style-dots\"\/>\n\n\n\n<blockquote class=\"wp-block-quote is-layout-flow wp-block-quote-is-layout-flow\">\n<p><em>Moje szcz\u0105tki doczesne pogrzeba\u0107 w rodzinnej parafii Gorzk\u00f3w k.\/Wieliczki razem z rodzicami.<\/em><\/p>\n<\/blockquote>\n\n\n\n<hr class=\"wp-block-separator has-alpha-channel-opacity is-style-dots\"\/>\n\n\n\n<p>Kochaj\u0105ca i szanuj\u0105ca si\u0119 rodzina oparta mocno na fundamentach wiary katolickiej i etos polskiej szko\u0142y przenikni\u0119ty warto\u015bciami religijnymi i patriotycznymi, to najbardziej ukszta\u0142towa\u0142o charakter i postaw\u0119 Ks. Kanonika Ludwika. Dlatego w Charsznicy tak dba\u0142 o relacje ze szko\u0142\u0105 i nauczycielami oraz z w\u0142adz\u0105 lokaln\u0105 w gminie.<br><br>By\u0142 prawdziwym ojcem daj\u0105cym poczucie bezpiecze\u0144stwa. Zna\u0142 wszystkich i wszyscy Go znali. \u0141\u0105czy\u0142 pokolenia. We wspomnieniach zawsze wyst\u0119puje jako &#8222;nasz Ludwik&#8221; i nikt nie potrafi my\u015ble\u0107 w Charsznicy o Nim inaczej. Te rodzinne relacje nawi\u0105za\u0142 z nim r\u00f3wnie\u017c obecny ksi\u0105dz proboszcz Ks. Mariusz Kwa\u015bniewski o kt\u00f3rym bardzo ciep\u0142o wyra\u017ca si\u0119 w testamencie podkre\u015blaj\u0105c \u0142\u0105cz\u0105ce ich kap\u0142a\u0144skie, braterskie wi\u0119zi.<\/p>\n\n\n\n<p>Msza \u015bw. \u017ca\u0142obna pod przewodnictwem Ksi\u0119dza Biskupa Mariana Florczyka, kt\u00f3ry tak\u017ce wyg\u0142osi\u0142 homili\u0119, zosta\u0142a odprawiona 15 stycznia 2024 r. w ko\u015bciele parafialnym pw. M.B. R\u00f3\u017ca\u0144cowej w Charsznicy.<\/p>\n\n\n\n<p>Msza \u015bw. pogrzebowa pod przewodnictwem Biskupa Kieleckiego Jana Piotrowskiego, kt\u00f3ry tak\u017ce wyg\u0142osi\u0142 homili\u0119 by\u0142a sprawowana 16 stycznia 2024r. w ko\u015bciele parafialnym pw. M.B. Cz\u0119stochowskiej w Gorzkowie k. Wieliczki (archidiecezja krakowska).<br><br>Cia\u0142o Zmar\u0142ego zosta\u0142o z\u0142o\u017cone do grobowca rodzinnego na cmentarzu parafialnym w Gorzkowie.<\/p>\n\n\n\n<p>Ks. Kanonik Ludwik sam przyzna\u0142, \u017ce wyznawa\u0142 zasad\u0119 \u015b.p. Bpa Jana Chrapka:<\/p>\n\n\n\n<hr class=\"wp-block-separator has-alpha-channel-opacity is-style-dots\"\/>\n\n\n\n<blockquote class=\"wp-block-quote is-layout-flow wp-block-quote-is-layout-flow\">\n<p><em>\u017byj tak, aby\u015b pozostawi\u0142 po sobie dobry \u015blad<\/em>.<\/p>\n<\/blockquote>\n\n\n\n<hr class=\"wp-block-separator has-alpha-channel-opacity is-style-dots\"\/>\n\n\n\n<p><br>Niezaprzeczalnie swoim \u017cyciem i pos\u0142ug\u0105 kap\u0142a\u0144sk\u0105 te dobre Bo\u017ce \u015blady pozostawi\u0142.<\/p>\n\n\n\n<p>Sw\u00f3j testament ko\u0144czy s\u0142owami:<\/p>\n\n\n\n<hr class=\"wp-block-separator has-alpha-channel-opacity is-style-dots\"\/>\n\n\n\n<blockquote class=\"wp-block-quote is-layout-flow wp-block-quote-is-layout-flow\">\n<p><em>Panie Jezu twoim Jestem teraz i w godzinie \u015bmierci &#8211; Misericordias Domini in aeternum cantabo (&#8230;) &#8211; zawo\u0142anie prymicyjne, kt\u00f3re powtarzam z wiar\u0105 i nadziej\u0105. Jezu ufam Tobie &#8211;&nbsp; In manus tuas, Domine, commendo spiritum meum. Maryjo do Syna swego mnie prowad\u017a!<\/em><\/p>\n<\/blockquote>\n","protected":false},"excerpt":{"rendered":"<p>11 stycznia 2024 roku w szpitalu w Miechowie, w 92 roku \u017cycia i 64 roku kap\u0142a\u0144stwa zmar\u0142 Ks. Kanonik Ludwik Michalik, kanonik honorowy Kapitu\u0142y Kolegiackiej w Wi\u015blicy (12 grudnia 1986 r.), kanonik gremialny Kapitu\u0142y Kolegiackiej w Wi\u015blicy (25 lutego 1993 r.) Nie b\u0119dzie przesady w stwierdzeniu, \u017ce wraz z Jego \u015bmierci\u0105 dla parafian z Charsznicy [&hellip;]<\/p>\n","protected":false},"author":1,"featured_media":0,"parent":0,"menu_order":0,"comment_status":"closed","ping_status":"closed","template":"","meta":{"footnotes":""},"class_list":["post-2674","page","type-page","status-publish","hentry","entry"],"_links":{"self":[{"href":"https:\/\/parafiacharsznica.pl\/index.php\/wp-json\/wp\/v2\/pages\/2674","targetHints":{"allow":["GET"]}}],"collection":[{"href":"https:\/\/parafiacharsznica.pl\/index.php\/wp-json\/wp\/v2\/pages"}],"about":[{"href":"https:\/\/parafiacharsznica.pl\/index.php\/wp-json\/wp\/v2\/types\/page"}],"author":[{"embeddable":true,"href":"https:\/\/parafiacharsznica.pl\/index.php\/wp-json\/wp\/v2\/users\/1"}],"replies":[{"embeddable":true,"href":"https:\/\/parafiacharsznica.pl\/index.php\/wp-json\/wp\/v2\/comments?post=2674"}],"version-history":[{"count":15,"href":"https:\/\/parafiacharsznica.pl\/index.php\/wp-json\/wp\/v2\/pages\/2674\/revisions"}],"predecessor-version":[{"id":2692,"href":"https:\/\/parafiacharsznica.pl\/index.php\/wp-json\/wp\/v2\/pages\/2674\/revisions\/2692"}],"wp:attachment":[{"href":"https:\/\/parafiacharsznica.pl\/index.php\/wp-json\/wp\/v2\/media?parent=2674"}],"curies":[{"name":"wp","href":"https:\/\/api.w.org\/{rel}","templated":true}]}}