{"id":265,"date":"2023-02-05T23:07:04","date_gmt":"2023-02-05T22:07:04","guid":{"rendered":"http:\/\/serwer177530.lh.pl\/autoinstalator\/serwer177530.lh.pl\/wordpress10353\/?page_id=265"},"modified":"2023-02-26T17:18:25","modified_gmt":"2023-02-26T16:18:25","slug":"swietlica","status":"publish","type":"page","link":"https:\/\/parafiacharsznica.pl\/index.php\/swietlica\/","title":{"rendered":"\u015awietlica"},"content":{"rendered":"\n<p>W Miechowie-Charsznicy przy ulicy M\u0142y\u0144skiej 2 dzia\u0142a \u015bwietlica, kt\u00f3ra powsta\u0142a z my\u015bl\u0105 o organizowaniu czasu wolnego, zaj\u0119\u0107 edukacyjnych i wyr\u00f3wnawczych dla dzieci i m\u0142odzie\u017cy, a tak\u017ce aktywizacji os\u00f3b starszych i urozmaicenia im pobytu w  znajduj\u0105cym si\u0119 w tym samym budynku Domu Opieki &#8222;Caritas&#8221;, organizowaniu spotka\u0144, szkole\u0144, zaj\u0119\u0107 integracyjnych oraz imprez kulturalno-o\u015bwiatowo-sportowych. \u015awietlica udost\u0119pniana jest nieodp\u0142atnie, a zakupione wyposa\u017cenie b\u0119dzie dost\u0119pne dla og\u00f3\u0142u lokalnej spo\u0142eczno\u015bci.<\/p>\n\n\n\n<p>Projekt zrealizowano w ramach pomocy finansowej Gminy Charsznica.<\/p>\n\n\n\n<p>\u015awietlica czynna jest 2 razy w tygodniu &#8211; <strong>w pi\u0105tki i soboty, w godzinach 18.00 &#8211; 20.00<\/strong><\/p>\n\n\n\n<div style=\"height:30px\" aria-hidden=\"true\" class=\"wp-block-spacer\"><\/div>\n\n\n\n<hr class=\"wp-block-separator has-alpha-channel-opacity\"\/>\n\n\n\n<div style=\"height:30px\" aria-hidden=\"true\" class=\"wp-block-spacer\"><\/div>\n\n\n\n<figure class=\"wp-block-gallery has-nested-images columns-default is-cropped wp-block-gallery-1 is-layout-flex wp-block-gallery-is-layout-flex\">\n<figure class=\"wp-block-image size-large\"><a href=\"https:\/\/parafiacharsznica.pl\/wp-content\/uploads\/2023\/02\/325190776_841187630304234_3902470842628106657_n.jpg\"><img loading=\"lazy\" decoding=\"async\" width=\"1024\" height=\"768\" data-id=\"1371\" src=\"https:\/\/parafiacharsznica.pl\/wp-content\/uploads\/2023\/02\/325190776_841187630304234_3902470842628106657_n-1024x768.jpg\" alt=\"\" class=\"wp-image-1371\" srcset=\"https:\/\/parafiacharsznica.pl\/wp-content\/uploads\/2023\/02\/325190776_841187630304234_3902470842628106657_n-1024x768.jpg 1024w, https:\/\/parafiacharsznica.pl\/wp-content\/uploads\/2023\/02\/325190776_841187630304234_3902470842628106657_n-300x225.jpg 300w, https:\/\/parafiacharsznica.pl\/wp-content\/uploads\/2023\/02\/325190776_841187630304234_3902470842628106657_n-768x576.jpg 768w, https:\/\/parafiacharsznica.pl\/wp-content\/uploads\/2023\/02\/325190776_841187630304234_3902470842628106657_n-1536x1152.jpg 1536w, https:\/\/parafiacharsznica.pl\/wp-content\/uploads\/2023\/02\/325190776_841187630304234_3902470842628106657_n.jpg 2048w\" sizes=\"auto, (max-width: 1024px) 100vw, 1024px\" \/><\/a><\/figure>\n\n\n\n<figure class=\"wp-block-image size-large\"><a href=\"https:\/\/parafiacharsznica.pl\/wp-content\/uploads\/2023\/02\/325192862_546918897349671_7534180435431904169_n.jpg\"><img loading=\"lazy\" decoding=\"async\" width=\"1024\" height=\"768\" data-id=\"1370\" src=\"https:\/\/parafiacharsznica.pl\/wp-content\/uploads\/2023\/02\/325192862_546918897349671_7534180435431904169_n-1024x768.jpg\" alt=\"\" class=\"wp-image-1370\" srcset=\"https:\/\/parafiacharsznica.pl\/wp-content\/uploads\/2023\/02\/325192862_546918897349671_7534180435431904169_n-1024x768.jpg 1024w, https:\/\/parafiacharsznica.pl\/wp-content\/uploads\/2023\/02\/325192862_546918897349671_7534180435431904169_n-300x225.jpg 300w, https:\/\/parafiacharsznica.pl\/wp-content\/uploads\/2023\/02\/325192862_546918897349671_7534180435431904169_n-768x576.jpg 768w, https:\/\/parafiacharsznica.pl\/wp-content\/uploads\/2023\/02\/325192862_546918897349671_7534180435431904169_n-1536x1152.jpg 1536w, https:\/\/parafiacharsznica.pl\/wp-content\/uploads\/2023\/02\/325192862_546918897349671_7534180435431904169_n.jpg 2048w\" sizes=\"auto, (max-width: 1024px) 100vw, 1024px\" \/><\/a><\/figure>\n\n\n\n<figure class=\"wp-block-image size-large\"><a href=\"https:\/\/parafiacharsznica.pl\/wp-content\/uploads\/2023\/02\/325204038_544454690942099_6772676265242338653_n.jpg\"><img loading=\"lazy\" decoding=\"async\" width=\"1024\" height=\"768\" data-id=\"1365\" src=\"https:\/\/parafiacharsznica.pl\/wp-content\/uploads\/2023\/02\/325204038_544454690942099_6772676265242338653_n-1024x768.jpg\" alt=\"\" class=\"wp-image-1365\" srcset=\"https:\/\/parafiacharsznica.pl\/wp-content\/uploads\/2023\/02\/325204038_544454690942099_6772676265242338653_n-1024x768.jpg 1024w, https:\/\/parafiacharsznica.pl\/wp-content\/uploads\/2023\/02\/325204038_544454690942099_6772676265242338653_n-300x225.jpg 300w, https:\/\/parafiacharsznica.pl\/wp-content\/uploads\/2023\/02\/325204038_544454690942099_6772676265242338653_n-768x576.jpg 768w, https:\/\/parafiacharsznica.pl\/wp-content\/uploads\/2023\/02\/325204038_544454690942099_6772676265242338653_n-1536x1152.jpg 1536w, https:\/\/parafiacharsznica.pl\/wp-content\/uploads\/2023\/02\/325204038_544454690942099_6772676265242338653_n.jpg 2048w\" sizes=\"auto, (max-width: 1024px) 100vw, 1024px\" \/><\/a><\/figure>\n\n\n\n<figure class=\"wp-block-image size-large\"><a href=\"https:\/\/parafiacharsznica.pl\/wp-content\/uploads\/2023\/02\/325251009_946009109617769_1537457228383630408_n.jpg\"><img loading=\"lazy\" decoding=\"async\" width=\"1024\" height=\"768\" data-id=\"1367\" src=\"https:\/\/parafiacharsznica.pl\/wp-content\/uploads\/2023\/02\/325251009_946009109617769_1537457228383630408_n-1024x768.jpg\" alt=\"\" class=\"wp-image-1367\" srcset=\"https:\/\/parafiacharsznica.pl\/wp-content\/uploads\/2023\/02\/325251009_946009109617769_1537457228383630408_n-1024x768.jpg 1024w, https:\/\/parafiacharsznica.pl\/wp-content\/uploads\/2023\/02\/325251009_946009109617769_1537457228383630408_n-300x225.jpg 300w, https:\/\/parafiacharsznica.pl\/wp-content\/uploads\/2023\/02\/325251009_946009109617769_1537457228383630408_n-768x576.jpg 768w, https:\/\/parafiacharsznica.pl\/wp-content\/uploads\/2023\/02\/325251009_946009109617769_1537457228383630408_n-1536x1152.jpg 1536w, https:\/\/parafiacharsznica.pl\/wp-content\/uploads\/2023\/02\/325251009_946009109617769_1537457228383630408_n.jpg 2048w\" sizes=\"auto, (max-width: 1024px) 100vw, 1024px\" \/><\/a><\/figure>\n\n\n\n<figure class=\"wp-block-image size-large\"><a href=\"https:\/\/parafiacharsznica.pl\/wp-content\/uploads\/2023\/02\/325379605_1332598360852814_5850865930391041787_n.jpg\"><img loading=\"lazy\" decoding=\"async\" width=\"1024\" height=\"768\" data-id=\"1366\" src=\"https:\/\/parafiacharsznica.pl\/wp-content\/uploads\/2023\/02\/325379605_1332598360852814_5850865930391041787_n-1024x768.jpg\" alt=\"\" class=\"wp-image-1366\" srcset=\"https:\/\/parafiacharsznica.pl\/wp-content\/uploads\/2023\/02\/325379605_1332598360852814_5850865930391041787_n-1024x768.jpg 1024w, https:\/\/parafiacharsznica.pl\/wp-content\/uploads\/2023\/02\/325379605_1332598360852814_5850865930391041787_n-300x225.jpg 300w, https:\/\/parafiacharsznica.pl\/wp-content\/uploads\/2023\/02\/325379605_1332598360852814_5850865930391041787_n-768x576.jpg 768w, https:\/\/parafiacharsznica.pl\/wp-content\/uploads\/2023\/02\/325379605_1332598360852814_5850865930391041787_n-1536x1152.jpg 1536w, https:\/\/parafiacharsznica.pl\/wp-content\/uploads\/2023\/02\/325379605_1332598360852814_5850865930391041787_n.jpg 2048w\" sizes=\"auto, (max-width: 1024px) 100vw, 1024px\" \/><\/a><\/figure>\n\n\n\n<figure class=\"wp-block-image size-large\"><a href=\"https:\/\/parafiacharsznica.pl\/wp-content\/uploads\/2023\/02\/325389764_3431630660459535_1458574168286338235_n.jpg\"><img loading=\"lazy\" decoding=\"async\" width=\"1024\" height=\"768\" data-id=\"1368\" src=\"https:\/\/parafiacharsznica.pl\/wp-content\/uploads\/2023\/02\/325389764_3431630660459535_1458574168286338235_n-1024x768.jpg\" alt=\"\" class=\"wp-image-1368\" srcset=\"https:\/\/parafiacharsznica.pl\/wp-content\/uploads\/2023\/02\/325389764_3431630660459535_1458574168286338235_n-1024x768.jpg 1024w, https:\/\/parafiacharsznica.pl\/wp-content\/uploads\/2023\/02\/325389764_3431630660459535_1458574168286338235_n-300x225.jpg 300w, https:\/\/parafiacharsznica.pl\/wp-content\/uploads\/2023\/02\/325389764_3431630660459535_1458574168286338235_n-768x576.jpg 768w, https:\/\/parafiacharsznica.pl\/wp-content\/uploads\/2023\/02\/325389764_3431630660459535_1458574168286338235_n-1536x1152.jpg 1536w, https:\/\/parafiacharsznica.pl\/wp-content\/uploads\/2023\/02\/325389764_3431630660459535_1458574168286338235_n.jpg 2048w\" sizes=\"auto, (max-width: 1024px) 100vw, 1024px\" \/><\/a><\/figure>\n<\/figure>\n","protected":false},"excerpt":{"rendered":"<p>W Miechowie-Charsznicy przy ulicy M\u0142y\u0144skiej 2 dzia\u0142a \u015bwietlica, kt\u00f3ra powsta\u0142a z my\u015bl\u0105 o organizowaniu czasu wolnego, zaj\u0119\u0107 edukacyjnych i wyr\u00f3wnawczych dla dzieci i m\u0142odzie\u017cy, a tak\u017ce aktywizacji os\u00f3b starszych i urozmaicenia im pobytu w znajduj\u0105cym si\u0119 w tym samym budynku Domu Opieki &#8222;Caritas&#8221;, organizowaniu spotka\u0144, szkole\u0144, zaj\u0119\u0107 integracyjnych oraz imprez kulturalno-o\u015bwiatowo-sportowych. \u015awietlica udost\u0119pniana jest nieodp\u0142atnie, [&hellip;]<\/p>\n","protected":false},"author":1,"featured_media":0,"parent":0,"menu_order":0,"comment_status":"closed","ping_status":"closed","template":"","meta":{"footnotes":""},"class_list":["post-265","page","type-page","status-publish","hentry","entry"],"_links":{"self":[{"href":"https:\/\/parafiacharsznica.pl\/index.php\/wp-json\/wp\/v2\/pages\/265","targetHints":{"allow":["GET"]}}],"collection":[{"href":"https:\/\/parafiacharsznica.pl\/index.php\/wp-json\/wp\/v2\/pages"}],"about":[{"href":"https:\/\/parafiacharsznica.pl\/index.php\/wp-json\/wp\/v2\/types\/page"}],"author":[{"embeddable":true,"href":"https:\/\/parafiacharsznica.pl\/index.php\/wp-json\/wp\/v2\/users\/1"}],"replies":[{"embeddable":true,"href":"https:\/\/parafiacharsznica.pl\/index.php\/wp-json\/wp\/v2\/comments?post=265"}],"version-history":[{"count":6,"href":"https:\/\/parafiacharsznica.pl\/index.php\/wp-json\/wp\/v2\/pages\/265\/revisions"}],"predecessor-version":[{"id":1447,"href":"https:\/\/parafiacharsznica.pl\/index.php\/wp-json\/wp\/v2\/pages\/265\/revisions\/1447"}],"wp:attachment":[{"href":"https:\/\/parafiacharsznica.pl\/index.php\/wp-json\/wp\/v2\/media?parent=265"}],"curies":[{"name":"wp","href":"https:\/\/api.w.org\/{rel}","templated":true}]}}