{"id":1359,"date":"2023-02-26T06:55:15","date_gmt":"2023-02-26T05:55:15","guid":{"rendered":"http:\/\/serwer177530.lh.pl\/autoinstalator\/serwer177530.lh.pl\/wordpress10353\/?page_id=1359"},"modified":"2023-02-26T06:55:15","modified_gmt":"2023-02-26T05:55:15","slug":"grupa-modlitewna-sw-ojca-pio","status":"publish","type":"page","link":"https:\/\/parafiacharsznica.pl\/index.php\/grupa-modlitewna-sw-ojca-pio\/","title":{"rendered":"Grupa modlitewna \u015bw. Ojca Pio"},"content":{"rendered":"\n<p>Grupa modlitewna \u015bw. Ojca Pio powsta\u0142a w 2009 roku, opiekunem zosta\u0142 ks. proboszcz Czes\u0142aw Parkita, grupa liczy\u0142a 40 os\u00f3b. W 2010 r. opiekunem grupy zosta\u0142 ksi\u0105dz Krzysztof Irla. W tym samym roku Grupa Ojca Pio zosta\u0142a zarejestrowana w San Giovanni Rotondo, w czasie pielgrzymki do W\u0142och gdzie Grupa \u015bw. Ojca Pio zwiedzi\u0142a Rzym i San Giovanni Rotondo.<\/p>\n\n\n\n<p>W 2011 r. do parafii Matki Bo\u017cej R\u00f3\u017ca\u0144cowej zosta\u0142y wprowadzone relikwie \u015bw. Ojca Pio przywiezione przez Ojca Bogus\u0142awa Piechu\u0142\u0119 \u2013 Krajowego Opiekuna Grupy Ojca Pio z Tenczyna. Wprowadzenie relikwii mia\u0142o miejsce w Niedziel\u0119 Palmow\u0105. Od 2016 roku grup\u0105 opiekuje si\u0119 ks. Mariusz Kwa\u015bniewski.<\/p>\n\n\n\n<p>Grupa \u015bw. Ojca Pio uczestniczy w nabo\u017ce\u0144stwach w I pi\u0105tek miesi\u0105ca, przed pandemi\u0105 spotykali si\u0119 ka\u017cdego 23 ka\u017cdego miesi\u0105ca, w dniu imienin Ojca Pio, uczestniczy w wczuwaniach w \u0141agiewnikach i rekolekcjach w Tenczynie.<\/p>\n","protected":false},"excerpt":{"rendered":"<p>Grupa modlitewna \u015bw. Ojca Pio powsta\u0142a w 2009 roku, opiekunem zosta\u0142 ks. proboszcz Czes\u0142aw Parkita, grupa liczy\u0142a 40 os\u00f3b. W 2010 r. opiekunem grupy zosta\u0142 ksi\u0105dz Krzysztof Irla. W tym samym roku Grupa Ojca Pio zosta\u0142a zarejestrowana w San Giovanni Rotondo, w czasie pielgrzymki do W\u0142och gdzie Grupa \u015bw. Ojca Pio zwiedzi\u0142a Rzym i San [&hellip;]<\/p>\n","protected":false},"author":1,"featured_media":0,"parent":0,"menu_order":0,"comment_status":"closed","ping_status":"closed","template":"","meta":{"footnotes":""},"class_list":["post-1359","page","type-page","status-publish","hentry","entry"],"_links":{"self":[{"href":"https:\/\/parafiacharsznica.pl\/index.php\/wp-json\/wp\/v2\/pages\/1359","targetHints":{"allow":["GET"]}}],"collection":[{"href":"https:\/\/parafiacharsznica.pl\/index.php\/wp-json\/wp\/v2\/pages"}],"about":[{"href":"https:\/\/parafiacharsznica.pl\/index.php\/wp-json\/wp\/v2\/types\/page"}],"author":[{"embeddable":true,"href":"https:\/\/parafiacharsznica.pl\/index.php\/wp-json\/wp\/v2\/users\/1"}],"replies":[{"embeddable":true,"href":"https:\/\/parafiacharsznica.pl\/index.php\/wp-json\/wp\/v2\/comments?post=1359"}],"version-history":[{"count":1,"href":"https:\/\/parafiacharsznica.pl\/index.php\/wp-json\/wp\/v2\/pages\/1359\/revisions"}],"predecessor-version":[{"id":1360,"href":"https:\/\/parafiacharsznica.pl\/index.php\/wp-json\/wp\/v2\/pages\/1359\/revisions\/1360"}],"wp:attachment":[{"href":"https:\/\/parafiacharsznica.pl\/index.php\/wp-json\/wp\/v2\/media?parent=1359"}],"curies":[{"name":"wp","href":"https:\/\/api.w.org\/{rel}","templated":true}]}}